{"id":52989,"date":"2025-09-11T08:58:09","date_gmt":"2025-09-11T08:58:09","guid":{"rendered":"https:\/\/www.faustinoclemente.pt\/?post_type=product&#038;p=52989"},"modified":"2026-05-07T12:32:02","modified_gmt":"2026-05-07T12:32:02","slug":"soprador-husqvarna-525ib-mark-ii","status":"publish","type":"product","link":"https:\/\/www.faustinoclemente.pt\/en\/producto\/soprador-husqvarna-525ib-mark-ii\/","title":{"rendered":"Soprador HUSQVARNA 525iB Mark II"},"content":{"rendered":"<h4><big>Descri\u00e7\u00e3o do produto:<\/big><\/h4>\n<p style=\"color: black;\">O soprador HUSQVARNA 525iB Mark II \u00e9 uma ferramenta alimentada a bateria com 36V de voltagem com equival\u00eancia a soprador de 25cc. \u00c9 um soprador potente e altamente eficiente, com um design leve, compacto e bem equilibrado, mais indicado para uso profissional a tempo integral. O baixo n\u00edvel de ru\u00eddo prop\u00f5e um ambiente de trabalho mais agrad\u00e1vel, e permite o trabalho em ambientes p\u00fablicos. A fun\u00e7\u00e3o \u2018boost\u2019 pode ser facilmente ativada com um clique no bot\u00e3o e fornece pot\u00eancia de sopro cont\u00ednua extra quando necess\u00e1rio. A fun\u00e7\u00e3o de controlo de cruzeiro oferece foco total na remo\u00e7\u00e3o de folhas e detritos e pode ser ativada tamb\u00e9m no modo \u2018boost\u2019. Bateria e carregador vendidos separadamente.<\/p>\n<h4 id=\"ctl00__content_ctl10_ctl00_ctl11_ctl00__headline\" class=\"product-sub-heading\" title=\"Especifica\u00e7\u00f5es do Soprador\">Especifica\u00e7\u00f5es Soprador Husqvarna 525iB<\/h4>\n<table>\n<tbody>\n<tr>\n<td style=\"color: black;\" width=\"283\"><strong>Voltagem da Bateria<\/strong><\/td>\n<td style=\"color: black;\" width=\"283\">36V<\/td>\n<\/tr>\n<tr>\n<td style=\"color: black;\" width=\"283\"><strong>Tipo de Bateria<\/strong><\/td>\n<td style=\"color: black;\" width=\"283\">I\u00f5es de L\u00edtio<\/td>\n<\/tr>\n<tr>\n<td style=\"color: black;\" width=\"283\"><strong>Equivalente em cent\u00edmetros c\u00fabicos<\/strong><\/td>\n<td style=\"color: black;\" width=\"283\">25cc<\/td>\n<\/tr>\n<tr>\n<td style=\"color: black;\" width=\"283\"><strong>D\u00e9bito de ar<\/strong><\/td>\n<td style=\"color: black;\" width=\"283\">11.3 m\u00b3\/m<\/td>\n<\/tr>\n<tr>\n<td style=\"color: black;\" width=\"283\"><strong>Velocidade do ar (Boost)<\/strong><\/td>\n<td style=\"color: black;\" width=\"283\">59 m\/s<\/td>\n<\/tr>\n<tr>\n<td style=\"color: black;\" width=\"283\"><strong>Pot\u00eancia do sopro<\/strong><\/td>\n<td style=\"color: black;\" width=\"283\">17 N<\/td>\n<\/tr>\n<tr>\n<td style=\"color: black;\" width=\"283\"><strong>Peso (sem bateria)<\/strong><\/td>\n<td style=\"color: black;\" width=\"283\">2.5 kg<\/td>\n<\/tr>\n<\/tbody>\n<\/table>","protected":false},"excerpt":{"rendered":"<table>\n<tbody>\n<tr>\n<td style=\"color: black;\" width=\"283\">Equivalente em cent\u00edmetros c\u00fabicos<\/td>\n<td style=\"color: black;\" width=\"283\">25cc<\/td>\n<\/tr>\n<tr>\n<td style=\"color: black;\" width=\"283\">Velocidade do ar (boost)<\/td>\n<td style=\"color: black;\" width=\"283\">59 m\/s<\/td>\n<\/tr>\n<tr>\n<td style=\"color: black;\" width=\"283\">Peso (sem bateria)<\/td>\n<td style=\"color: black;\" width=\"283\">2.5 Kg<\/td>\n<\/tr>\n<\/tbody>\n<\/table>","protected":false},"featured_media":53020,"comment_status":"open","ping_status":"closed","template":"","meta":[],"product_brand":[300],"product_cat":[307],"product_tag":[],"class_list":{"0":"post-52989","1":"product","2":"type-product","3":"status-publish","4":"has-post-thumbnail","6":"product_brand-husqvarna","7":"product_cat-corta-sebes-maquinas","9":"first","10":"outofstock","11":"taxable","12":"shipping-taxable","13":"purchasable","14":"product-type-simple"},"_links":{"self":[{"href":"https:\/\/www.faustinoclemente.pt\/en\/wp-json\/wp\/v2\/product\/52989","targetHints":{"allow":["GET"]}}],"collection":[{"href":"https:\/\/www.faustinoclemente.pt\/en\/wp-json\/wp\/v2\/product"}],"about":[{"href":"https:\/\/www.faustinoclemente.pt\/en\/wp-json\/wp\/v2\/types\/product"}],"replies":[{"embeddable":true,"href":"https:\/\/www.faustinoclemente.pt\/en\/wp-json\/wp\/v2\/comments?post=52989"}],"wp:featuredmedia":[{"embeddable":true,"href":"https:\/\/www.faustinoclemente.pt\/en\/wp-json\/wp\/v2\/media\/53020"}],"wp:attachment":[{"href":"https:\/\/www.faustinoclemente.pt\/en\/wp-json\/wp\/v2\/media?parent=52989"}],"wp:term":[{"taxonomy":"product_brand","embeddable":true,"href":"https:\/\/www.faustinoclemente.pt\/en\/wp-json\/wp\/v2\/product_brand?post=52989"},{"taxonomy":"product_cat","embeddable":true,"href":"https:\/\/www.faustinoclemente.pt\/en\/wp-json\/wp\/v2\/product_cat?post=52989"},{"taxonomy":"product_tag","embeddable":true,"href":"https:\/\/www.faustinoclemente.pt\/en\/wp-json\/wp\/v2\/product_tag?post=52989"}],"curies":[{"name":"wp","href":"https:\/\/api.w.org\/{rel}","templated":true}]}}