{"id":52988,"date":"2025-09-11T08:57:47","date_gmt":"2025-09-11T08:57:47","guid":{"rendered":"https:\/\/www.faustinoclemente.pt\/?post_type=product&#038;p=52988"},"modified":"2026-05-07T12:31:49","modified_gmt":"2026-05-07T12:31:49","slug":"soprador-husqvarna-345bt-970466903","status":"publish","type":"product","link":"https:\/\/www.faustinoclemente.pt\/en\/producto\/soprador-husqvarna-345bt-970466903\/","title":{"rendered":"Soprador HUSQVARNA 345BT"},"content":{"rendered":"<h4><big>Descri\u00e7\u00e3o do produto:<\/big><\/h4>\n<p style=\"color: black;\">O soprador HUSQVARNA 345BT \u00e9 uma ferramenta a gasolina (com mistura) com motor a dois tempos de 51.7cc e tecnologia X-Torq\u00ae, que garante um menor consumo de combust\u00edvel e emiss\u00f5es de gases de estufa reduzidas. A alta for\u00e7a de sopro e um suspens\u00f3rio Confort que reduz a carga tornam r\u00e1pida e simples a limpeza da sua terra. Mova-se intuitivamente e opere sem problemas gra\u00e7as ao Cruise Control numa pega ajust\u00e1vel montada na parte superior. Tudo, desde o arranque f\u00e1cil do Air Purge at\u00e9 o volume do tanque de longa dura\u00e7\u00e3o e o bocal redondo, foi feito para eliminar o trabalho duro do trabalho no p\u00e1tio. Com uma excel\u00eancia ergon\u00f3mica nas costas e um desempenho &#8216;premium&#8217; na m\u00e3o, este compacto soprador de mochila a gasolina oferece a m\u00e1xima produtividade com o m\u00ednimo de esfor\u00e7o.<\/p>\n<h4 id=\"ctl00__content_ctl10_ctl00_ctl11_ctl00__headline\" class=\"product-sub-heading\" title=\"Especifica\u00e7\u00f5es do Soprador\">Especifica\u00e7\u00f5es Soprador Husqvarna 345BT<\/h4>\n<table>\n<tbody>\n<tr>\n<td style=\"color: black;\" width=\"283\"><strong>Cilindrada<\/strong><\/td>\n<td style=\"color: black;\" width=\"283\">51.7 cm\u00b3<\/td>\n<\/tr>\n<tr>\n<td style=\"color: black;\" width=\"283\"><strong>Pot\u00eancia<\/strong><\/td>\n<td style=\"color: black;\" width=\"283\">1.6 kW<\/td>\n<\/tr>\n<tr>\n<td style=\"color: black;\" width=\"283\"><strong>D\u00e9bito de ar m\u00e1ximo<\/strong><\/td>\n<td style=\"color: black;\" width=\"283\">15 m\u00b3\/min<\/td>\n<\/tr>\n<tr>\n<td style=\"color: black;\" width=\"283\"><strong>Velocidade do ar (bocal redondo)<\/strong><\/td>\n<td style=\"color: black;\" width=\"283\">120.7 m\/s<\/td>\n<\/tr>\n<tr>\n<td style=\"color: black;\" width=\"283\"><strong>Pot\u00eancia do sopro<\/strong><\/td>\n<td style=\"color: black;\" width=\"283\">22 N<\/td>\n<\/tr>\n<tr>\n<td style=\"color: black;\" width=\"283\"><strong>Peso (vazio)<\/strong><\/td>\n<td style=\"color: black;\" width=\"283\">10 kg<\/td>\n<\/tr>\n<tr>\n<td style=\"color: black;\" width=\"283\"><strong>Capacidade do dep\u00f3sito<\/strong><\/td>\n<td style=\"color: black;\" width=\"283\">1.0 l<\/td>\n<\/tr>\n<\/tbody>\n<\/table>","protected":false},"excerpt":{"rendered":"<table>\n<tbody>\n<tr>\n<td style=\"color: black;\" width=\"283\">Cilindrada<\/td>\n<td style=\"color: black;\" width=\"283\">51.7 cm\u00b3<\/td>\n<\/tr>\n<tr>\n<td style=\"color: black;\" width=\"283\">Pot\u00eancia<\/td>\n<td style=\"color: black;\" width=\"283\">1.6 kW<\/td>\n<\/tr>\n<tr>\n<td style=\"color: black;\" width=\"283\">Velocidade da ar (bocal redondo)<\/td>\n<td style=\"color: black;\" width=\"283\">120.7 m\/s<\/td>\n<\/tr>\n<tr>\n<td style=\"color: black;\" width=\"283\">Peso (vazio)<\/td>\n<td style=\"color: black;\" width=\"283\">10 Kg<\/td>\n<\/tr>\n<\/tbody>\n<\/table>\n<p>&nbsp;<\/p>","protected":false},"featured_media":52997,"comment_status":"open","ping_status":"closed","template":"","meta":[],"product_brand":[300],"product_cat":[307],"product_tag":[],"class_list":{"0":"post-52988","1":"product","2":"type-product","3":"status-publish","4":"has-post-thumbnail","6":"product_brand-husqvarna","7":"product_cat-corta-sebes-maquinas","9":"first","10":"instock","11":"taxable","12":"shipping-taxable","13":"purchasable","14":"product-type-simple"},"_links":{"self":[{"href":"https:\/\/www.faustinoclemente.pt\/en\/wp-json\/wp\/v2\/product\/52988","targetHints":{"allow":["GET"]}}],"collection":[{"href":"https:\/\/www.faustinoclemente.pt\/en\/wp-json\/wp\/v2\/product"}],"about":[{"href":"https:\/\/www.faustinoclemente.pt\/en\/wp-json\/wp\/v2\/types\/product"}],"replies":[{"embeddable":true,"href":"https:\/\/www.faustinoclemente.pt\/en\/wp-json\/wp\/v2\/comments?post=52988"}],"wp:featuredmedia":[{"embeddable":true,"href":"https:\/\/www.faustinoclemente.pt\/en\/wp-json\/wp\/v2\/media\/52997"}],"wp:attachment":[{"href":"https:\/\/www.faustinoclemente.pt\/en\/wp-json\/wp\/v2\/media?parent=52988"}],"wp:term":[{"taxonomy":"product_brand","embeddable":true,"href":"https:\/\/www.faustinoclemente.pt\/en\/wp-json\/wp\/v2\/product_brand?post=52988"},{"taxonomy":"product_cat","embeddable":true,"href":"https:\/\/www.faustinoclemente.pt\/en\/wp-json\/wp\/v2\/product_cat?post=52988"},{"taxonomy":"product_tag","embeddable":true,"href":"https:\/\/www.faustinoclemente.pt\/en\/wp-json\/wp\/v2\/product_tag?post=52988"}],"curies":[{"name":"wp","href":"https:\/\/api.w.org\/{rel}","templated":true}]}}