{"id":52987,"date":"2025-09-11T08:57:33","date_gmt":"2025-09-11T08:57:33","guid":{"rendered":"https:\/\/www.faustinoclemente.pt\/?post_type=product&#038;p=52987"},"modified":"2026-05-07T12:31:41","modified_gmt":"2026-05-07T12:31:41","slug":"corta-sebes-bateria-husqvarna-115ihd45-kit-de-bateria","status":"publish","type":"product","link":"https:\/\/www.faustinoclemente.pt\/en\/producto\/corta-sebes-bateria-husqvarna-115ihd45-kit-de-bateria\/","title":{"rendered":"Corta sebes a Bateria HUSQVARNA 115iHD45 KIT"},"content":{"rendered":"<h4><big>Descri\u00e7\u00e3o do produto:<\/big><\/h4>\n<p style=\"color: black;\">O Corta sebes HUSQVARNA 115iHD45 \u00e9 uma ferramenta alimentada a bateria com 36V de voltagem com equival\u00eancia a corta sebes de 15cc. Silencioso o suficiente para uso sazonal em \u00e1reas residenciais, leve com equil\u00edbrio perfeito e de opera\u00e7\u00e3o f\u00e1cil e com excelente ergonomia com um comprimento de faca de 45cm ideal para sebes pequenas e m\u00e9dias.<\/p>\n<h4><big>Acess\u00f3rios inclu\u00eddos:<\/big><\/h4>\n<ul>\n<li style=\"color: black;\">Bateria BLI10<br \/>\n<img decoding=\"async\" class=\"alignnone wp-image-53040\" src=\"https:\/\/www.faustinoclemente.pt\/wp-content\/uploads\/2025\/09\/Battery_BLI10.webp\" alt=\"\" width=\"127\" height=\"127\" srcset=\"https:\/\/www.faustinoclemente.pt\/wp-content\/uploads\/2025\/09\/Battery_BLI10.webp 800w, https:\/\/www.faustinoclemente.pt\/wp-content\/uploads\/2025\/09\/Battery_BLI10-370x370.webp 370w, https:\/\/www.faustinoclemente.pt\/wp-content\/uploads\/2025\/09\/Battery_BLI10-120x120.webp 120w, https:\/\/www.faustinoclemente.pt\/wp-content\/uploads\/2025\/09\/Battery_BLI10-410x409.webp 410w, https:\/\/www.faustinoclemente.pt\/wp-content\/uploads\/2025\/09\/Battery_BLI10-600x599.webp 600w, https:\/\/www.faustinoclemente.pt\/wp-content\/uploads\/2025\/09\/Battery_BLI10-150x150.webp 150w\" sizes=\"(max-width: 127px) 100vw, 127px\" \/><\/li>\n<li style=\"color: black;\">Carregador QC80<br \/>\n<img decoding=\"async\" class=\"alignnone wp-image-53015\" src=\"https:\/\/www.faustinoclemente.pt\/wp-content\/uploads\/2025\/09\/Charger_QC80.webp\" alt=\"\" width=\"130\" height=\"87\" srcset=\"https:\/\/www.faustinoclemente.pt\/wp-content\/uploads\/2025\/09\/Charger_QC80.webp 2000w, https:\/\/www.faustinoclemente.pt\/wp-content\/uploads\/2025\/09\/Charger_QC80-1536x1025.webp 1536w, https:\/\/www.faustinoclemente.pt\/wp-content\/uploads\/2025\/09\/Charger_QC80-370x247.webp 370w, https:\/\/www.faustinoclemente.pt\/wp-content\/uploads\/2025\/09\/Charger_QC80-840x561.webp 840w, https:\/\/www.faustinoclemente.pt\/wp-content\/uploads\/2025\/09\/Charger_QC80-410x274.webp 410w, https:\/\/www.faustinoclemente.pt\/wp-content\/uploads\/2025\/09\/Charger_QC80-600x401.webp 600w\" sizes=\"(max-width: 130px) 100vw, 130px\" \/><\/li>\n<\/ul>\n<h4 id=\"ctl00__content_ctl10_ctl00_ctl11_ctl00__headline\" class=\"product-sub-heading\" title=\"Especifica\u00e7\u00f5es do Corta Sebes\">Especifica\u00e7\u00f5es Corta Sebes Husqvarna 115iHD45<\/h4>\n<table>\n<tbody>\n<tr>\n<td style=\"color: black;\" width=\"283\"><strong>Voltagem da Bateria<\/strong><\/td>\n<td style=\"color: black;\" width=\"283\">36V<\/td>\n<\/tr>\n<tr>\n<td style=\"color: black;\" width=\"283\"><strong>Tipo de Bateria<\/strong><\/td>\n<td style=\"color: black;\" width=\"283\">I\u00f5es de L\u00edtio<\/td>\n<\/tr>\n<tr>\n<td style=\"color: black;\" width=\"283\"><strong>Equivalente em cent\u00edmetros c\u00fabicos<\/strong><\/td>\n<td style=\"color: black;\" width=\"283\">15c<\/td>\n<\/tr>\n<tr>\n<td style=\"color: black;\" width=\"283\"><strong>Velocidade de corte<\/strong><\/td>\n<td style=\"color: black;\" width=\"283\">3000 Cortes\/min<\/td>\n<\/tr>\n<tr>\n<td style=\"color: black;\" width=\"283\"><strong>Comprimento da unidade de corte<\/strong><\/td>\n<td style=\"color: black;\" width=\"283\">45 cm<\/td>\n<\/tr>\n<tr>\n<td style=\"color: black;\" width=\"283\"><strong>Peso (sem bateria)<\/strong><\/td>\n<td style=\"color: black;\" width=\"283\">3.2 kg<\/td>\n<\/tr>\n<\/tbody>\n<\/table>","protected":false},"excerpt":{"rendered":"<table>\n<tbody>\n<tr>\n<td style=\"color: black;\" width=\"283\">Equivalente em cent\u00edmetros c\u00fabicos<\/td>\n<td style=\"color: black;\" width=\"283\">15cc<\/td>\n<\/tr>\n<tr>\n<td style=\"color: black;\" width=\"283\">Comprimento da unidade de corte<\/td>\n<td style=\"color: black;\" width=\"283\">45 cm<\/td>\n<\/tr>\n<tr>\n<td style=\"color: black;\" width=\"283\">Peso (sem bateria)<\/td>\n<td style=\"color: black;\" width=\"283\">3.2 kg<\/td>\n<\/tr>\n<\/tbody>\n<\/table>","protected":false},"featured_media":53037,"comment_status":"open","ping_status":"closed","template":"","meta":[],"product_brand":[300],"product_cat":[307],"product_tag":[],"class_list":{"0":"post-52987","1":"product","2":"type-product","3":"status-publish","4":"has-post-thumbnail","6":"product_brand-husqvarna","7":"product_cat-corta-sebes-maquinas","9":"first","10":"instock","11":"taxable","12":"shipping-taxable","13":"purchasable","14":"product-type-simple"},"_links":{"self":[{"href":"https:\/\/www.faustinoclemente.pt\/en\/wp-json\/wp\/v2\/product\/52987","targetHints":{"allow":["GET"]}}],"collection":[{"href":"https:\/\/www.faustinoclemente.pt\/en\/wp-json\/wp\/v2\/product"}],"about":[{"href":"https:\/\/www.faustinoclemente.pt\/en\/wp-json\/wp\/v2\/types\/product"}],"replies":[{"embeddable":true,"href":"https:\/\/www.faustinoclemente.pt\/en\/wp-json\/wp\/v2\/comments?post=52987"}],"wp:featuredmedia":[{"embeddable":true,"href":"https:\/\/www.faustinoclemente.pt\/en\/wp-json\/wp\/v2\/media\/53037"}],"wp:attachment":[{"href":"https:\/\/www.faustinoclemente.pt\/en\/wp-json\/wp\/v2\/media?parent=52987"}],"wp:term":[{"taxonomy":"product_brand","embeddable":true,"href":"https:\/\/www.faustinoclemente.pt\/en\/wp-json\/wp\/v2\/product_brand?post=52987"},{"taxonomy":"product_cat","embeddable":true,"href":"https:\/\/www.faustinoclemente.pt\/en\/wp-json\/wp\/v2\/product_cat?post=52987"},{"taxonomy":"product_tag","embeddable":true,"href":"https:\/\/www.faustinoclemente.pt\/en\/wp-json\/wp\/v2\/product_tag?post=52987"}],"curies":[{"name":"wp","href":"https:\/\/api.w.org\/{rel}","templated":true}]}}