{"id":52984,"date":"2025-09-11T08:57:17","date_gmt":"2025-09-11T08:57:17","guid":{"rendered":"https:\/\/www.faustinoclemente.pt\/?post_type=product&#038;p=52984"},"modified":"2026-05-07T12:31:31","modified_gmt":"2026-05-07T12:31:31","slug":"motoenxada-husqvarna-tf230","status":"publish","type":"product","link":"https:\/\/www.faustinoclemente.pt\/en\/producto\/motoenxada-husqvarna-tf230\/","title":{"rendered":"Motoenxada HUSQVARNA TF230"},"content":{"rendered":"<h4><big>Descri\u00e7\u00e3o do produto:<\/big><\/h4>\n<p style=\"color: black;\">A motoenxada HUSQVARNA TF230 \u00e9 uma ferramenta a gasolina com motor a quatro tempos de 196cc. M\u00e1quina b\u00e1sica e pr\u00e1tica, f\u00e1cil de manobrar. Alimentada por um motor Husqvarna confi\u00e1vel e potente, e equipada com um para-choque para proteger o motor em uso ou durante o transporte. Com guiador dobr\u00e1vel e roda de transporte. A transmiss\u00e3o totalmente vedada torna-a numa m\u00e1quina perfeita para o trabalho em culturas h\u00famidas.<\/p>\n<h4 id=\"ctl00__content_ctl10_ctl00_ctl11_ctl00__headline\" class=\"product-sub-heading\" title=\"Especifica\u00e7\u00f5es da Motoenxada\">Especifica\u00e7\u00f5es Motoenxada Husqvarna TF230<\/h4>\n<p>&nbsp;<\/p>\n<table>\n<tbody>\n<tr>\n<td style=\"color: black;\" width=\"283\"><strong>Cilindrada<\/strong><\/td>\n<td style=\"color: black;\" width=\"283\">196 cm\u00b3<\/td>\n<\/tr>\n<tr>\n<td style=\"color: black;\" width=\"283\"><strong>Pot\u00eancia<\/strong><\/td>\n<td style=\"color: black;\" width=\"283\">3.45 kW (4.7HP)<\/td>\n<\/tr>\n<tr>\n<td style=\"color: black;\" width=\"283\"><strong>Capacidade do dep\u00f3sito de gasolina<\/strong><\/td>\n<td style=\"color: black;\" width=\"283\">3.6 l<\/td>\n<\/tr>\n<tr>\n<td style=\"color: black;\" width=\"283\"><strong>Velocidades<\/strong><\/td>\n<td style=\"color: black;\" width=\"283\">2 \u00e0 frente + 1 atr\u00e1s<\/td>\n<\/tr>\n<tr>\n<td style=\"color: black;\" width=\"283\"><strong>Largura de trabalho<\/strong><\/td>\n<td style=\"color: black;\" width=\"283\">75 cm<\/td>\n<\/tr>\n<tr>\n<td style=\"color: black;\" width=\"283\"><strong>Profundidade de trabalho<\/strong><\/td>\n<td style=\"color: black;\" width=\"283\">30 cm<\/td>\n<\/tr>\n<tr>\n<td style=\"color: black;\" width=\"283\"><strong>Transmiss\u00e3o<\/strong><\/td>\n<td style=\"color: black;\" width=\"283\">Engrenagem e corrente<\/td>\n<\/tr>\n<tr>\n<td style=\"color: black;\" width=\"283\"><strong>Peso (vazio)<\/strong><\/td>\n<td style=\"color: black;\" width=\"283\">69.5 kg<\/td>\n<\/tr>\n<\/tbody>\n<\/table>","protected":false},"excerpt":{"rendered":"<table>\n<tbody>\n<tr>\n<td style=\"color: black;\" width=\"283\">Cilindrada<\/td>\n<td style=\"color: black;\" width=\"283\">196 cm\u00b3<\/td>\n<\/tr>\n<tr>\n<td style=\"color: black;\" width=\"283\">Largura de trabalho<\/td>\n<td style=\"color: black;\" width=\"283\">75 cm<\/td>\n<\/tr>\n<tr>\n<td style=\"color: black;\" width=\"283\">Profundidade de trabalho<\/td>\n<td style=\"color: black;\" width=\"283\">30 cm<\/td>\n<\/tr>\n<tr>\n<td style=\"color: black;\" width=\"283\">Velocidades<\/td>\n<td style=\"color: black;\" width=\"283\">2 \u00e0 frente + 1 atr\u00e1s<\/td>\n<\/tr>\n<tr>\n<td style=\"color: black;\" width=\"283\">Peso (vazio)<\/td>\n<td style=\"color: black;\" width=\"283\">69.5 kg<\/td>\n<\/tr>\n<\/tbody>\n<\/table>","protected":false},"featured_media":52991,"comment_status":"open","ping_status":"closed","template":"","meta":[],"product_brand":[],"product_cat":[309],"product_tag":[],"class_list":{"0":"post-52984","1":"product","2":"type-product","3":"status-publish","4":"has-post-thumbnail","6":"product_cat-motoenxadas-motocultivadores-e-acessorios-iva-13","8":"first","9":"instock","10":"taxable","11":"shipping-taxable","12":"purchasable","13":"product-type-simple"},"_links":{"self":[{"href":"https:\/\/www.faustinoclemente.pt\/en\/wp-json\/wp\/v2\/product\/52984","targetHints":{"allow":["GET"]}}],"collection":[{"href":"https:\/\/www.faustinoclemente.pt\/en\/wp-json\/wp\/v2\/product"}],"about":[{"href":"https:\/\/www.faustinoclemente.pt\/en\/wp-json\/wp\/v2\/types\/product"}],"replies":[{"embeddable":true,"href":"https:\/\/www.faustinoclemente.pt\/en\/wp-json\/wp\/v2\/comments?post=52984"}],"wp:featuredmedia":[{"embeddable":true,"href":"https:\/\/www.faustinoclemente.pt\/en\/wp-json\/wp\/v2\/media\/52991"}],"wp:attachment":[{"href":"https:\/\/www.faustinoclemente.pt\/en\/wp-json\/wp\/v2\/media?parent=52984"}],"wp:term":[{"taxonomy":"product_brand","embeddable":true,"href":"https:\/\/www.faustinoclemente.pt\/en\/wp-json\/wp\/v2\/product_brand?post=52984"},{"taxonomy":"product_cat","embeddable":true,"href":"https:\/\/www.faustinoclemente.pt\/en\/wp-json\/wp\/v2\/product_cat?post=52984"},{"taxonomy":"product_tag","embeddable":true,"href":"https:\/\/www.faustinoclemente.pt\/en\/wp-json\/wp\/v2\/product_tag?post=52984"}],"curies":[{"name":"wp","href":"https:\/\/api.w.org\/{rel}","templated":true}]}}