{"id":52983,"date":"2025-09-11T08:57:08","date_gmt":"2025-09-11T08:57:08","guid":{"rendered":"https:\/\/www.faustinoclemente.pt\/?post_type=product&#038;p=52983"},"modified":"2026-05-07T12:31:27","modified_gmt":"2026-05-07T12:31:27","slug":"corta-sebes-husqvarna-522hd60x","status":"publish","type":"product","link":"https:\/\/www.faustinoclemente.pt\/en\/producto\/corta-sebes-husqvarna-522hd60x\/","title":{"rendered":"Corta sebes HUSQVARNA 522HD60X"},"content":{"rendered":"<h4><big>Descri\u00e7\u00e3o do produto:<\/big><\/h4>\n<p style=\"color: black;\">O Corta sebes HUSQVARNA 522HD60X \u00e9 uma ferramenta a gasolina (com mistura) com motor a dois tempos de 21.7cc. \u00c9 um aparador dur\u00e1vel, de duas faces, com uma barra de corte de 60 cm, concebido para trabalhos de aparar frequentes. A pega multiposi\u00e7\u00f5es e o baixo peso combinados com o \u2018design\u2019 fino e equilibrado e os baixos n\u00edveis de vibra\u00e7\u00e3o proporcionam um excelente manuseamento. O desempenho de corte \u00e9 igualmente excelente gra\u00e7as \u00e0s l\u00e2minas de faca profissionais de alta capacidade e alta velocidade, \u00e0 prote\u00e7\u00e3o de l\u00e2mina aberta e \u00e0 impressionante pot\u00eancia de sa\u00edda. O\u202f522HD60X conta ainda com um arranque r\u00e1pido com purga de ar para facilitar o arranque.<\/p>\n<h4 id=\"ctl00__content_ctl10_ctl00_ctl11_ctl00__headline\" class=\"product-sub-heading\" title=\"Especifica\u00e7\u00f5es da Corta Sebes\">Especifica\u00e7\u00f5es Corta Sebes Husqvarna 522HD60X<\/h4>\n<p>&nbsp;<\/p>\n<table>\n<tbody>\n<tr>\n<td style=\"color: black;\" width=\"283\"><strong>Cilindrada<\/strong><\/td>\n<td style=\"color: black;\" width=\"283\">21.7 cm\u00b3<\/td>\n<\/tr>\n<tr>\n<td style=\"color: black;\" width=\"283\"><strong>Pot\u00eancia<\/strong><\/td>\n<td style=\"color: black;\" width=\"283\">0.6 kW<\/td>\n<\/tr>\n<tr>\n<td style=\"color: black;\" width=\"283\"><strong>Velocidade de corte<\/strong><\/td>\n<td style=\"color: black;\" width=\"283\">4400 Cortes\/min<\/td>\n<\/tr>\n<tr>\n<td style=\"color: black;\" width=\"283\"><strong>Capacidade do dep\u00f3sito de gasolina<\/strong><\/td>\n<td style=\"color: black;\" width=\"283\">0.45 l<\/td>\n<\/tr>\n<tr>\n<td style=\"color: black;\" width=\"283\"><strong>Comprimento da unidade de corte<\/strong><\/td>\n<td style=\"color: black;\" width=\"283\">60 cm<\/td>\n<\/tr>\n<tr>\n<td style=\"color: black;\" width=\"283\"><strong>Peso (Vazio)<\/strong><\/td>\n<td style=\"color: black;\" width=\"283\">4.9 kg<\/td>\n<\/tr>\n<\/tbody>\n<\/table>","protected":false},"excerpt":{"rendered":"<table>\n<tbody>\n<tr>\n<td style=\"color: black;\" width=\"283\">Cilindrada<\/td>\n<td style=\"color: black;\" width=\"283\">21.7 cm\u00b3<\/td>\n<\/tr>\n<tr>\n<td style=\"color: black;\" width=\"283\">Pot\u00eancia<\/td>\n<td style=\"color: black;\" width=\"283\">0.6 kW<\/td>\n<\/tr>\n<tr>\n<td style=\"color: black;\" width=\"283\">Comprimento da unidade de corte<\/td>\n<td style=\"color: black;\" width=\"283\">60 cm<\/td>\n<\/tr>\n<tr>\n<td style=\"color: black;\" width=\"283\">Peso (Vazio)<\/td>\n<td style=\"color: black;\" width=\"283\">4.9 Kg<\/td>\n<\/tr>\n<\/tbody>\n<\/table>","protected":false},"featured_media":53023,"comment_status":"open","ping_status":"closed","template":"","meta":[],"product_brand":[300],"product_cat":[307],"product_tag":[],"class_list":{"0":"post-52983","1":"product","2":"type-product","3":"status-publish","4":"has-post-thumbnail","6":"product_brand-husqvarna","7":"product_cat-corta-sebes-maquinas","9":"first","10":"instock","11":"taxable","12":"shipping-taxable","13":"purchasable","14":"product-type-simple"},"_links":{"self":[{"href":"https:\/\/www.faustinoclemente.pt\/en\/wp-json\/wp\/v2\/product\/52983","targetHints":{"allow":["GET"]}}],"collection":[{"href":"https:\/\/www.faustinoclemente.pt\/en\/wp-json\/wp\/v2\/product"}],"about":[{"href":"https:\/\/www.faustinoclemente.pt\/en\/wp-json\/wp\/v2\/types\/product"}],"replies":[{"embeddable":true,"href":"https:\/\/www.faustinoclemente.pt\/en\/wp-json\/wp\/v2\/comments?post=52983"}],"wp:featuredmedia":[{"embeddable":true,"href":"https:\/\/www.faustinoclemente.pt\/en\/wp-json\/wp\/v2\/media\/53023"}],"wp:attachment":[{"href":"https:\/\/www.faustinoclemente.pt\/en\/wp-json\/wp\/v2\/media?parent=52983"}],"wp:term":[{"taxonomy":"product_brand","embeddable":true,"href":"https:\/\/www.faustinoclemente.pt\/en\/wp-json\/wp\/v2\/product_brand?post=52983"},{"taxonomy":"product_cat","embeddable":true,"href":"https:\/\/www.faustinoclemente.pt\/en\/wp-json\/wp\/v2\/product_cat?post=52983"},{"taxonomy":"product_tag","embeddable":true,"href":"https:\/\/www.faustinoclemente.pt\/en\/wp-json\/wp\/v2\/product_tag?post=52983"}],"curies":[{"name":"wp","href":"https:\/\/api.w.org\/{rel}","templated":true}]}}