{"id":52982,"date":"2025-09-11T08:56:55","date_gmt":"2025-09-11T08:56:55","guid":{"rendered":"https:\/\/www.faustinoclemente.pt\/?post_type=product&#038;p=52982"},"modified":"2026-05-07T12:31:20","modified_gmt":"2026-05-07T12:31:20","slug":"soprador-bateria-husqvarna-120ib-kit-bate-carrega","status":"publish","type":"product","link":"https:\/\/www.faustinoclemente.pt\/en\/producto\/soprador-bateria-husqvarna-120ib-kit-bate-carrega\/","title":{"rendered":"Soprador a Bateria HUSQVARNA 120iB (Kit bate. + carrega.)"},"content":{"rendered":"<h4><big>Descri\u00e7\u00e3o do produto:<\/big><\/h4>\n<p style=\"color: black;\">O soprador HUSQVARNA 120iB \u00e9 uma ferramenta alimentada a bateria com 36V de voltagem com equival\u00eancia a soprador de 20cc. \u00c9 um soprador de folhas a bateria leve e f\u00e1cil de usar, adequado para jardins pequenos e m\u00e9dios. Tr\u00eas modos diferentes proporcionam um desempenho ideal com base nas necessidades, desde tarefas leves a tarefas que requerem pot\u00eancia total. O design compacto, a ader\u00eancia suave, o baixo peso e o equil\u00edbrio perfeito proporcionam uma excelente ergonomia para um trabalho confort\u00e1vel.<\/p>\n<h4><big>Acess\u00f3rios inclu\u00eddos:<\/big><\/h4>\n<ul>\n<li style=\"color: black;\">Bateria BLI20<br \/>\n<img decoding=\"async\" class=\"alignnone wp-image-53014\" src=\"https:\/\/www.faustinoclemente.pt\/wp-content\/uploads\/2025\/09\/Battery_BLI20-scaled.webp\" alt=\"\" width=\"138\" height=\"138\" srcset=\"https:\/\/www.faustinoclemente.pt\/wp-content\/uploads\/2025\/09\/Battery_BLI20-scaled.webp 2560w, https:\/\/www.faustinoclemente.pt\/wp-content\/uploads\/2025\/09\/Battery_BLI20-1536x1532.webp 1536w, https:\/\/www.faustinoclemente.pt\/wp-content\/uploads\/2025\/09\/Battery_BLI20-2048x2043.webp 2048w, https:\/\/www.faustinoclemente.pt\/wp-content\/uploads\/2025\/09\/Battery_BLI20-370x370.webp 370w, https:\/\/www.faustinoclemente.pt\/wp-content\/uploads\/2025\/09\/Battery_BLI20-120x120.webp 120w, https:\/\/www.faustinoclemente.pt\/wp-content\/uploads\/2025\/09\/Battery_BLI20-840x838.webp 840w, https:\/\/www.faustinoclemente.pt\/wp-content\/uploads\/2025\/09\/Battery_BLI20-410x409.webp 410w, https:\/\/www.faustinoclemente.pt\/wp-content\/uploads\/2025\/09\/Battery_BLI20-600x599.webp 600w, https:\/\/www.faustinoclemente.pt\/wp-content\/uploads\/2025\/09\/Battery_BLI20-150x150.webp 150w\" sizes=\"(max-width: 138px) 100vw, 138px\" \/><\/li>\n<li style=\"color: black;\">Carregador QC80<br \/>\n<img decoding=\"async\" class=\"alignnone wp-image-53015\" src=\"https:\/\/www.faustinoclemente.pt\/wp-content\/uploads\/2025\/09\/Charger_QC80.webp\" alt=\"\" width=\"130\" height=\"87\" srcset=\"https:\/\/www.faustinoclemente.pt\/wp-content\/uploads\/2025\/09\/Charger_QC80.webp 2000w, https:\/\/www.faustinoclemente.pt\/wp-content\/uploads\/2025\/09\/Charger_QC80-1536x1025.webp 1536w, https:\/\/www.faustinoclemente.pt\/wp-content\/uploads\/2025\/09\/Charger_QC80-370x247.webp 370w, https:\/\/www.faustinoclemente.pt\/wp-content\/uploads\/2025\/09\/Charger_QC80-840x561.webp 840w, https:\/\/www.faustinoclemente.pt\/wp-content\/uploads\/2025\/09\/Charger_QC80-410x274.webp 410w, https:\/\/www.faustinoclemente.pt\/wp-content\/uploads\/2025\/09\/Charger_QC80-600x401.webp 600w\" sizes=\"(max-width: 130px) 100vw, 130px\" \/><\/li>\n<\/ul>\n<h4 id=\"ctl00__content_ctl10_ctl00_ctl11_ctl00__headline\" class=\"product-sub-heading\" title=\"Especifica\u00e7\u00f5es do Soprador\">Especifica\u00e7\u00f5es Soprador Husqvarna 120iB<\/h4>\n<table>\n<tbody>\n<tr>\n<td style=\"color: black;\" width=\"283\"><strong>Voltagem da Bateria<\/strong><\/td>\n<td style=\"color: black;\" width=\"283\">36V<\/td>\n<\/tr>\n<tr>\n<td style=\"color: black;\" width=\"283\"><strong>Tipo de Bateria<\/strong><\/td>\n<td style=\"color: black;\" width=\"283\">I\u00f5es de L\u00edtio<\/td>\n<\/tr>\n<tr>\n<td style=\"color: black;\" width=\"283\"><strong>Equivalente em cent\u00edmetros c\u00fabicos<\/strong><\/td>\n<td style=\"color: black;\" width=\"283\">20cc<\/td>\n<\/tr>\n<tr>\n<td style=\"color: black;\" width=\"283\"><strong>D\u00e9bito de ar<\/strong><\/td>\n<td style=\"color: black;\" width=\"283\">10.3 m\u00b3\/m<\/td>\n<\/tr>\n<tr>\n<td style=\"color: black;\" width=\"283\"><strong>Velocidade do ar (Boost)<\/strong><\/td>\n<td style=\"color: black;\" width=\"283\">46 m\/s<\/td>\n<\/tr>\n<tr>\n<td style=\"color: black;\" width=\"283\"><strong>Pot\u00eancia do sopro<\/strong><\/td>\n<td style=\"color: black;\" width=\"283\">10 N<\/td>\n<\/tr>\n<tr>\n<td style=\"color: black;\" width=\"283\"><strong>Peso (sem bateria)<\/strong><\/td>\n<td style=\"color: black;\" width=\"283\">2.0 kg<\/td>\n<\/tr>\n<\/tbody>\n<\/table>\n<p>&nbsp;<\/p>\n<p><iframe title=\"Soprador a bateria 120iB\" width=\"1290\" height=\"726\" src=\"https:\/\/www.youtube.com\/embed\/gkg8FQd1g9A?feature=oembed\" frameborder=\"0\" allow=\"accelerometer; autoplay; clipboard-write; encrypted-media; gyroscope; picture-in-picture; web-share\" referrerpolicy=\"strict-origin-when-cross-origin\" allowfullscreen><\/iframe><\/p>","protected":false},"excerpt":{"rendered":"<table>\n<tbody>\n<tr>\n<td style=\"color: black;\" width=\"283\">Equivalente em cent\u00edmetros c\u00fabicos<\/td>\n<td style=\"color: black;\" width=\"283\">20cc<\/td>\n<\/tr>\n<tr>\n<td style=\"color: black;\" width=\"283\">Velocidade do ar (boost)<\/td>\n<td style=\"color: black;\" width=\"283\">46 m\/s<\/td>\n<\/tr>\n<tr>\n<td style=\"color: black;\" width=\"283\">Peso (sem bateria)<\/td>\n<td style=\"color: black;\" width=\"283\">2.0 Kg<\/td>\n<\/tr>\n<\/tbody>\n<\/table>","protected":false},"featured_media":53016,"comment_status":"open","ping_status":"closed","template":"","meta":[],"product_brand":[300],"product_cat":[307],"product_tag":[],"class_list":{"0":"post-52982","1":"product","2":"type-product","3":"status-publish","4":"has-post-thumbnail","6":"product_brand-husqvarna","7":"product_cat-corta-sebes-maquinas","9":"first","10":"instock","11":"taxable","12":"shipping-taxable","13":"purchasable","14":"product-type-simple"},"_links":{"self":[{"href":"https:\/\/www.faustinoclemente.pt\/en\/wp-json\/wp\/v2\/product\/52982","targetHints":{"allow":["GET"]}}],"collection":[{"href":"https:\/\/www.faustinoclemente.pt\/en\/wp-json\/wp\/v2\/product"}],"about":[{"href":"https:\/\/www.faustinoclemente.pt\/en\/wp-json\/wp\/v2\/types\/product"}],"replies":[{"embeddable":true,"href":"https:\/\/www.faustinoclemente.pt\/en\/wp-json\/wp\/v2\/comments?post=52982"}],"wp:featuredmedia":[{"embeddable":true,"href":"https:\/\/www.faustinoclemente.pt\/en\/wp-json\/wp\/v2\/media\/53016"}],"wp:attachment":[{"href":"https:\/\/www.faustinoclemente.pt\/en\/wp-json\/wp\/v2\/media?parent=52982"}],"wp:term":[{"taxonomy":"product_brand","embeddable":true,"href":"https:\/\/www.faustinoclemente.pt\/en\/wp-json\/wp\/v2\/product_brand?post=52982"},{"taxonomy":"product_cat","embeddable":true,"href":"https:\/\/www.faustinoclemente.pt\/en\/wp-json\/wp\/v2\/product_cat?post=52982"},{"taxonomy":"product_tag","embeddable":true,"href":"https:\/\/www.faustinoclemente.pt\/en\/wp-json\/wp\/v2\/product_tag?post=52982"}],"curies":[{"name":"wp","href":"https:\/\/api.w.org\/{rel}","templated":true}]}}