{"id":52977,"date":"2025-09-11T08:55:32","date_gmt":"2025-09-11T08:55:32","guid":{"rendered":"https:\/\/www.faustinoclemente.pt\/?post_type=product&#038;p=52977"},"modified":"2026-05-07T12:30:34","modified_gmt":"2026-05-07T12:30:34","slug":"soprador-husqvarna-125bvx","status":"publish","type":"product","link":"https:\/\/www.faustinoclemente.pt\/en\/producto\/soprador-husqvarna-125bvx\/","title":{"rendered":"Soprador HUSQVARNA 125BVX"},"content":{"rendered":"<h4><big>Descri\u00e7\u00e3o do produto:<\/big><\/h4>\n<p style=\"color: black;\">O soprador HUSQVARNA 125BVx \u00e9 uma ferramenta a gasolina (com mistura) com motor a dois tempos de 28cc. Perfeito para uso particular, vem equipado com ventilador regul\u00e1vel para um melhor manuseamento; o comprimento do tubo \u00e9 regul\u00e1vel; os controlos est\u00e3o pr\u00f3ximos e s\u00e3o de f\u00e1cil acesso. Para al\u00e9m de soprar as folhas ao redor, o 125BVx destaca-se por vir com um pr\u00e1tico \u2018Kit de Aspira\u00e7\u00e3o\u2018, que permite a convers\u00e3o r\u00e1pida do ventilador num triturador de folhas \/ aspirador. Ap\u00f3s juntar todas as folhas soltas numa pilha com o ventilador, instale o \u2018Kit de Aspira\u00e7\u00e3o\u2019 permite-lhe recolher e triturar todo o lote com not\u00e1vel efici\u00eancia. As folhas s\u00e3o trituradas com um conjunto de l\u00e2minas de mulching numa ventoinha, reduzindo o seu tamanho numa propor\u00e7\u00e3o de 16:1, para aumentar a capacidade de recolha fornecida pelo saco. Estes recortes desfiados podem depois servir de material de compostagem, ajudando a garantir a sa\u00fade a longo prazo do seu jardim.<\/p>\n<h4 id=\"ctl00__content_ctl10_ctl00_ctl11_ctl00__headline\" class=\"product-sub-heading\" title=\"Especifica\u00e7\u00f5es do Soprador\">Especifica\u00e7\u00f5es Soprador Husqvarna 125BVx<\/h4>\n<table>\n<tbody>\n<tr>\n<td style=\"color: black;\" width=\"283\"><strong>Cilindrada<\/strong><\/td>\n<td style=\"color: black;\" width=\"283\">28 cm\u00b3<\/td>\n<\/tr>\n<tr>\n<td style=\"color: black;\" width=\"283\"><strong>Pot\u00eancia<\/strong><\/td>\n<td style=\"color: black;\" width=\"283\">0.8 kW<\/td>\n<\/tr>\n<tr>\n<td style=\"color: black;\" width=\"283\"><strong>D\u00e9bito de ar m\u00e1ximo<\/strong><\/td>\n<td style=\"color: black;\" width=\"283\">13.31 m\u00b3\/min<\/td>\n<\/tr>\n<tr>\n<td style=\"color: black;\" width=\"283\"><strong>Velocidade do ar (bocal redondo)<\/strong><\/td>\n<td style=\"color: black;\" width=\"283\">58.12 m\/s<\/td>\n<\/tr>\n<tr>\n<td style=\"color: black;\" width=\"283\"><strong>Pot\u00eancia do sopro<\/strong><\/td>\n<td style=\"color: black;\" width=\"283\">12.5 N<\/td>\n<\/tr>\n<tr>\n<td style=\"color: black;\" width=\"283\"><strong>Peso (vazio)<\/strong><\/td>\n<td style=\"color: black;\" width=\"283\">4.4 kg (Soprador) \/ 5.6 kg (Aspirador-Triturador)<\/td>\n<\/tr>\n<tr>\n<td style=\"color: black;\" width=\"283\"><strong>Capacidade do dep\u00f3sito<\/strong><\/td>\n<td style=\"color: black;\" width=\"283\">0.5 l<\/td>\n<\/tr>\n<\/tbody>\n<\/table>","protected":false},"excerpt":{"rendered":"<table>\n<tbody>\n<tr>\n<td style=\"color: black;\" width=\"283\">Cilindrada<\/td>\n<td style=\"color: black;\" width=\"283\">28 cm\u00b3<\/td>\n<\/tr>\n<tr>\n<td style=\"color: black;\" width=\"283\">Pot\u00eancia<\/td>\n<td style=\"color: black;\" width=\"283\">0.8 kW<\/td>\n<\/tr>\n<tr>\n<td style=\"color: black;\" width=\"283\">Velocidade da ar (bocal redondo)<\/td>\n<td style=\"color: black;\" width=\"283\">58.12 m\/s<\/td>\n<\/tr>\n<tr>\n<td style=\"color: black;\" width=\"283\">Peso (vazio)<\/td>\n<td style=\"color: black;\" width=\"283\">4.4 kg (Soprador) \/ 5.6 kg (Aspirador-Triturador)<\/td>\n<\/tr>\n<\/tbody>\n<\/table>","protected":false},"featured_media":53007,"comment_status":"open","ping_status":"closed","template":"","meta":[],"product_brand":[300],"product_cat":[308],"product_tag":[],"class_list":{"0":"post-52977","1":"product","2":"type-product","3":"status-publish","4":"has-post-thumbnail","6":"product_brand-husqvarna","7":"product_cat-artigos-gerais-iva23","9":"first","10":"instock","11":"taxable","12":"shipping-taxable","13":"purchasable","14":"product-type-simple"},"_links":{"self":[{"href":"https:\/\/www.faustinoclemente.pt\/en\/wp-json\/wp\/v2\/product\/52977","targetHints":{"allow":["GET"]}}],"collection":[{"href":"https:\/\/www.faustinoclemente.pt\/en\/wp-json\/wp\/v2\/product"}],"about":[{"href":"https:\/\/www.faustinoclemente.pt\/en\/wp-json\/wp\/v2\/types\/product"}],"replies":[{"embeddable":true,"href":"https:\/\/www.faustinoclemente.pt\/en\/wp-json\/wp\/v2\/comments?post=52977"}],"wp:featuredmedia":[{"embeddable":true,"href":"https:\/\/www.faustinoclemente.pt\/en\/wp-json\/wp\/v2\/media\/53007"}],"wp:attachment":[{"href":"https:\/\/www.faustinoclemente.pt\/en\/wp-json\/wp\/v2\/media?parent=52977"}],"wp:term":[{"taxonomy":"product_brand","embeddable":true,"href":"https:\/\/www.faustinoclemente.pt\/en\/wp-json\/wp\/v2\/product_brand?post=52977"},{"taxonomy":"product_cat","embeddable":true,"href":"https:\/\/www.faustinoclemente.pt\/en\/wp-json\/wp\/v2\/product_cat?post=52977"},{"taxonomy":"product_tag","embeddable":true,"href":"https:\/\/www.faustinoclemente.pt\/en\/wp-json\/wp\/v2\/product_tag?post=52977"}],"curies":[{"name":"wp","href":"https:\/\/api.w.org\/{rel}","templated":true}]}}