{"id":52975,"date":"2025-09-11T08:54:44","date_gmt":"2025-09-11T08:54:44","guid":{"rendered":"https:\/\/www.faustinoclemente.pt\/?post_type=product&#038;p=52975"},"modified":"2026-05-07T12:30:11","modified_gmt":"2026-05-07T12:30:11","slug":"corta-sebes-bateria-husqvarna-522ihd60","status":"publish","type":"product","link":"https:\/\/www.faustinoclemente.pt\/en\/producto\/corta-sebes-bateria-husqvarna-522ihd60\/","title":{"rendered":"Corta sebes a Bateria HUSQVARNA 522iHD60"},"content":{"rendered":"<h4><big>Descri\u00e7\u00e3o do produto:<\/big><\/h4>\n<p style=\"color: black;\">O Corta sebes HUSQVARNA 522iHD60 \u00e9 uma ferramenta alimentada a bateria com 36V de voltagem com equival\u00eancia a corta sebes de 20cc. \u00c9 uma m\u00e1quina leve e bem equilibrada, preparada para utiliza\u00e7\u00e3o profissional a tempo inteiro. Otimizado para aparar com mais frequ\u00eancia, possui uma engrenagem de alta velocidade e uma barra de corte de dupla face de 60cm. Bateria e carregador vendidos separadamente.<\/p>\n<h4 id=\"ctl00__content_ctl10_ctl00_ctl11_ctl00__headline\" class=\"product-sub-heading\" title=\"Especifica\u00e7\u00f5es do Corta Sebes\">Especifica\u00e7\u00f5es Corta Sebes Husqvarna 522iHD60<\/h4>\n<table>\n<tbody>\n<tr>\n<td style=\"color: black;\" width=\"283\"><strong>Voltagem da Bateria<\/strong><\/td>\n<td style=\"color: black;\" width=\"283\">36V<\/td>\n<\/tr>\n<tr>\n<td style=\"color: black;\" width=\"283\"><strong>Tipo de Bateria<\/strong><\/td>\n<td style=\"color: black;\" width=\"283\">I\u00f5es de L\u00edtio<\/td>\n<\/tr>\n<tr>\n<td style=\"color: black;\" width=\"283\"><strong>Equivalente em cent\u00edmetros c\u00fabicos<\/strong><\/td>\n<td style=\"color: black;\" width=\"283\">20c<\/td>\n<\/tr>\n<tr>\n<td style=\"color: black;\" width=\"283\"><strong>Velocidade de corte<\/strong><\/td>\n<td style=\"color: black;\" width=\"283\">4000 Cortes\/min<\/td>\n<\/tr>\n<tr>\n<td style=\"color: black;\" width=\"283\"><strong>Comprimento da unidade de corte<\/strong><\/td>\n<td style=\"color: black;\" width=\"283\">60 cm<\/td>\n<\/tr>\n<tr>\n<td style=\"color: black;\" width=\"283\"><strong>Peso (sem bateria)<\/strong><\/td>\n<td style=\"color: black;\" width=\"283\">3.6 kg<\/td>\n<\/tr>\n<\/tbody>\n<\/table>\n<div style=\"width: 640px;\" class=\"wp-video\"><video class=\"wp-video-shortcode\" id=\"video-52975-1\" width=\"640\" height=\"360\" preload=\"metadata\" controls=\"controls\"><source type=\"video\/mp4\" src=\"https:\/\/media.husqvarnagroup.com\/videostream\/XO-255355.mp4?_=1\" \/><a href=\"https:\/\/media.husqvarnagroup.com\/videostream\/XO-255355.mp4\">https:\/\/media.husqvarnagroup.com\/videostream\/XO-255355.mp4<\/a><\/video><\/div>","protected":false},"excerpt":{"rendered":"<table>\n<tbody>\n<tr>\n<td style=\"color: black;\" width=\"283\">Equivalente em cent\u00edmetros c\u00fabicos<\/td>\n<td style=\"color: black;\" width=\"283\">20cc<\/td>\n<\/tr>\n<tr>\n<td style=\"color: black;\" width=\"283\">Comprimento da unidade de corte<\/td>\n<td style=\"color: black;\" width=\"283\">60 cm<\/td>\n<\/tr>\n<tr>\n<td style=\"color: black;\" width=\"283\">Peso (sem bateria)<\/td>\n<td style=\"color: black;\" width=\"283\">3.6 kg<\/td>\n<\/tr>\n<\/tbody>\n<\/table>","protected":false},"featured_media":53029,"comment_status":"open","ping_status":"closed","template":"","meta":[],"product_brand":[300],"product_cat":[307],"product_tag":[],"class_list":{"0":"post-52975","1":"product","2":"type-product","3":"status-publish","4":"has-post-thumbnail","6":"product_brand-husqvarna","7":"product_cat-corta-sebes-maquinas","9":"first","10":"instock","11":"taxable","12":"shipping-taxable","13":"purchasable","14":"product-type-simple"},"_links":{"self":[{"href":"https:\/\/www.faustinoclemente.pt\/en\/wp-json\/wp\/v2\/product\/52975","targetHints":{"allow":["GET"]}}],"collection":[{"href":"https:\/\/www.faustinoclemente.pt\/en\/wp-json\/wp\/v2\/product"}],"about":[{"href":"https:\/\/www.faustinoclemente.pt\/en\/wp-json\/wp\/v2\/types\/product"}],"replies":[{"embeddable":true,"href":"https:\/\/www.faustinoclemente.pt\/en\/wp-json\/wp\/v2\/comments?post=52975"}],"wp:featuredmedia":[{"embeddable":true,"href":"https:\/\/www.faustinoclemente.pt\/en\/wp-json\/wp\/v2\/media\/53029"}],"wp:attachment":[{"href":"https:\/\/www.faustinoclemente.pt\/en\/wp-json\/wp\/v2\/media?parent=52975"}],"wp:term":[{"taxonomy":"product_brand","embeddable":true,"href":"https:\/\/www.faustinoclemente.pt\/en\/wp-json\/wp\/v2\/product_brand?post=52975"},{"taxonomy":"product_cat","embeddable":true,"href":"https:\/\/www.faustinoclemente.pt\/en\/wp-json\/wp\/v2\/product_cat?post=52975"},{"taxonomy":"product_tag","embeddable":true,"href":"https:\/\/www.faustinoclemente.pt\/en\/wp-json\/wp\/v2\/product_tag?post=52975"}],"curies":[{"name":"wp","href":"https:\/\/api.w.org\/{rel}","templated":true}]}}