{"id":52936,"date":"2025-09-05T13:53:37","date_gmt":"2025-09-05T13:53:37","guid":{"rendered":"https:\/\/www.faustinoclemente.pt\/?post_type=product&#038;p=52936"},"modified":"2026-05-07T12:30:06","modified_gmt":"2026-05-07T12:30:06","slug":"corta-relva-bateria-husqvarna-lc251is","status":"publish","type":"product","link":"https:\/\/www.faustinoclemente.pt\/en\/producto\/corta-relva-bateria-husqvarna-lc251is\/","title":{"rendered":"Corta Relva a Bateria HUSQVARNA LC251iS"},"content":{"rendered":"<h4><big>Descri\u00e7\u00e3o do produto:<\/big><\/h4>\n<p style=\"color: black;\">O corta relva HUSQVARNA LC251iS \u00e9 uma ferramenta alimentada a bateria com 36V de voltagem. Corta relva automotriz com compartimento duplo para duas baterias, oferece uma experi\u00eancia de corte f\u00e1cil e eficiente, projetado para jardins m\u00e9dios a grandes. O compartimento duplo para bateria permite um trabalho mais longo sem interrup\u00e7\u00f5es, enquanto o sistema de corte 2 em 1 permite escolher entre a recolha ou descarga lateral, dependendo das necessidades do terreno.<\/p>\n<p style=\"color: black;\">Para garantir um desempenho ideal em condi\u00e7\u00f5es exigentes, vem com a tecnologia Power Boost, que ajusta automaticamente a velocidade da l\u00e2mina ao cortar relva densa. Al\u00e9m disso, o modo savE\u2122 alonga o tempo de funcionamento ao reduzir a velocidade quando n\u00e3o \u00e9 necess\u00e1ria a pot\u00eancia m\u00e1xima. Bateria e carregador vendidos separadamente.<\/p>\n<h4 id=\"ctl00__content_ctl10_ctl00_ctl11_ctl00__headline\" class=\"product-sub-heading\">Especifica\u00e7\u00f5es Corta Relva Husqvarna LC251iS<\/h4>\n<table>\n<tbody>\n<tr>\n<td style=\"color: black;\" width=\"283\"><strong>Voltagem da Bateria<\/strong><\/td>\n<td style=\"color: black;\" width=\"283\">36V<\/td>\n<\/tr>\n<tr>\n<td style=\"color: black;\" width=\"283\"><strong>Tipo de Bateria<\/strong><\/td>\n<td style=\"color: black;\" width=\"283\">I\u00f5es de L\u00edtio<\/td>\n<\/tr>\n<tr>\n<td style=\"color: black;\" width=\"283\"><strong>Tra\u00e7\u00e3o<\/strong><\/td>\n<td style=\"color: black;\" width=\"283\">Automotriz<\/td>\n<\/tr>\n<tr>\n<td style=\"color: black;\" width=\"283\"><strong>Largura de corte<\/strong><\/td>\n<td style=\"color: black;\" width=\"283\">51 cm<\/td>\n<\/tr>\n<tr>\n<td style=\"color: black;\" width=\"283\"><strong>Altura de corte<\/strong><\/td>\n<td style=\"color: black;\" width=\"283\">25-75 mm<\/td>\n<\/tr>\n<tr>\n<td style=\"color: black;\" width=\"283\"><strong>Posi\u00e7\u00f5es de corte<\/strong><\/td>\n<td style=\"color: black;\" width=\"283\">7<\/td>\n<\/tr>\n<tr>\n<td style=\"color: black;\" width=\"283\"><strong>Capacidade do saco coletor<\/strong><\/td>\n<td style=\"color: black;\" width=\"283\">65 l<\/td>\n<\/tr>\n<tr>\n<td style=\"color: black;\" width=\"283\"><strong>Eje\u00e7\u00e3o<\/strong><\/td>\n<td style=\"color: black;\" width=\"283\">Traseira ou Lateral<\/td>\n<\/tr>\n<tr>\n<td style=\"color: black;\" width=\"283\"><strong>Material do Chassis<\/strong><\/td>\n<td style=\"color: black;\" width=\"283\">A\u00e7o<\/td>\n<\/tr>\n<tr>\n<td style=\"color: black;\" width=\"283\"><strong>Dimens\u00f5es das rodas (Frontal\/Traseira)<\/strong><\/td>\n<td style=\"color: black;\" width=\"283\">203\/203 mm<\/td>\n<\/tr>\n<tr>\n<td style=\"color: black;\" width=\"283\"><strong>Peso (sem bateria)<\/strong><\/td>\n<td style=\"color: black;\" width=\"283\">25.7 kg<\/td>\n<\/tr>\n<\/tbody>\n<\/table>\n<div style=\"width: 640px;\" class=\"wp-video\"><video class=\"wp-video-shortcode\" id=\"video-52936-1\" width=\"640\" height=\"360\" preload=\"metadata\" controls=\"controls\"><source type=\"video\/mp4\" src=\"https:\/\/media.husqvarnagroup.com\/videostream\/HH-021940.mp4?_=1\" \/><a href=\"https:\/\/media.husqvarnagroup.com\/videostream\/HH-021940.mp4\">https:\/\/media.husqvarnagroup.com\/videostream\/HH-021940.mp4<\/a><\/video><\/div>","protected":false},"excerpt":{"rendered":"<table>\n<tbody>\n<tr>\n<td style=\"color: black;\" width=\"283\">Voltagem da Bateria<\/td>\n<td style=\"color: black;\" width=\"283\">36V<\/td>\n<\/tr>\n<tr>\n<td style=\"color: black;\" width=\"283\">Largura de corte<\/td>\n<td style=\"color: black;\" width=\"283\">51 cm<\/td>\n<\/tr>\n<tr>\n<td style=\"color: black;\" width=\"283\">Altura de corte<\/td>\n<td style=\"color: black;\" width=\"283\">25-75 mm<\/td>\n<\/tr>\n<tr>\n<td style=\"color: black;\" width=\"283\">Tra\u00e7\u00e3o<\/td>\n<td style=\"color: black;\" width=\"283\">Automotriz<\/td>\n<\/tr>\n<tr>\n<td style=\"color: black;\" width=\"283\">Peso (sem bateria)<\/td>\n<td style=\"color: black;\" width=\"283\">25.7 kg<\/td>\n<\/tr>\n<\/tbody>\n<\/table>","protected":false},"featured_media":52960,"comment_status":"open","ping_status":"closed","template":"","meta":[],"product_brand":[300],"product_cat":[304],"product_tag":[],"class_list":{"0":"post-52936","1":"product","2":"type-product","3":"status-publish","4":"has-post-thumbnail","6":"product_brand-husqvarna","7":"product_cat-corta-relvas-maquinas","9":"first","10":"outofstock","11":"taxable","12":"shipping-taxable","13":"purchasable","14":"product-type-simple"},"_links":{"self":[{"href":"https:\/\/www.faustinoclemente.pt\/en\/wp-json\/wp\/v2\/product\/52936","targetHints":{"allow":["GET"]}}],"collection":[{"href":"https:\/\/www.faustinoclemente.pt\/en\/wp-json\/wp\/v2\/product"}],"about":[{"href":"https:\/\/www.faustinoclemente.pt\/en\/wp-json\/wp\/v2\/types\/product"}],"replies":[{"embeddable":true,"href":"https:\/\/www.faustinoclemente.pt\/en\/wp-json\/wp\/v2\/comments?post=52936"}],"wp:featuredmedia":[{"embeddable":true,"href":"https:\/\/www.faustinoclemente.pt\/en\/wp-json\/wp\/v2\/media\/52960"}],"wp:attachment":[{"href":"https:\/\/www.faustinoclemente.pt\/en\/wp-json\/wp\/v2\/media?parent=52936"}],"wp:term":[{"taxonomy":"product_brand","embeddable":true,"href":"https:\/\/www.faustinoclemente.pt\/en\/wp-json\/wp\/v2\/product_brand?post=52936"},{"taxonomy":"product_cat","embeddable":true,"href":"https:\/\/www.faustinoclemente.pt\/en\/wp-json\/wp\/v2\/product_cat?post=52936"},{"taxonomy":"product_tag","embeddable":true,"href":"https:\/\/www.faustinoclemente.pt\/en\/wp-json\/wp\/v2\/product_tag?post=52936"}],"curies":[{"name":"wp","href":"https:\/\/api.w.org\/{rel}","templated":true}]}}