{"id":52880,"date":"2025-08-14T09:39:05","date_gmt":"2025-08-14T09:39:05","guid":{"rendered":"https:\/\/www.faustinoclemente.pt\/?post_type=product&#038;p=52880"},"modified":"2026-05-07T12:30:23","modified_gmt":"2026-05-07T12:30:23","slug":"motosserra-husqvarna-372xt","status":"publish","type":"product","link":"https:\/\/www.faustinoclemente.pt\/en\/producto\/motosserra-husqvarna-372xt\/","title":{"rendered":"Motosserra HUSQVARNA 372"},"content":{"rendered":"<h4><big>Descri\u00e7\u00e3o do produto:<\/big><\/h4>\n<p style=\"color: black;\">A motosserra HUSQVARNA 372 \u00e9 uma ferramenta a gasolina (com mistura) com motor a dois tempos de 70.7cc e tecnologia X-Torq\u00ae, que garante um menor consumo de combust\u00edvel e emiss\u00f5es de gases de estufa reduzidas. \u00c9 uma motosserra profissional desenhada para trabalhos muito exigentes. Destacada dos seus rivais, e conhecida pelo seu poder de corte, a motosserra HUSQVARNA 372 combina peso relativamente baixo, com alta pot\u00eancia, acelera\u00e7\u00e3o r\u00e1pida e facilidade de opera\u00e7\u00e3o. \u00c9 uma motosserra vers\u00e1til, vendida com uma guia\/l\u00e2mina de 45cm (18&#8243;), \u00e9 compat\u00edvel com guias\/l\u00e2minas de 41 a 71cm (16&#8243;-28&#8243;).<\/p>\n<p style=\"color: black;\">Possu\u00ed o sistema Air Injection\u2122: O ar sujo e detritos que passem na entrada de ar adjacente ao volante magn\u00e9tico s\u00e3o desviados na dire\u00e7\u00e3o oposta do filtro de ar, mantendo o filtro de ar limpo durante mais tempo, o que resulta em menos manuten\u00e7\u00e3o necess\u00e1ria e maior vida \u00fatil do motor.<\/p>\n<p style=\"color: black;\">A motosserra HUSQVARNA 372 vem tamb\u00e9m equipada com sistema Low Vib\u00ae: sistema de amortecedores que absorvem as vibra\u00e7\u00f5es que se produzem durante os trabalhos de corte.<\/p>\n<h4><big>Acess\u00f3rios inclu\u00eddos:<\/big><\/h4>\n<ul>\n<li style=\"color: black;\">Guia de corrente 45cm 3\/8 0.58.<\/li>\n<li style=\"color: black;\">Corrente 3\/8.<\/li>\n<li style=\"color: black;\">Chave de Vela.<\/li>\n<\/ul>\n<h4 id=\"ctl00__content_ctl10_ctl00_ctl11_ctl00__headline\" class=\"product-sub-heading\" title=\"Especifica\u00e7\u00f5es da Motosserra\">Especifica\u00e7\u00f5es Motosserra Husqvarna 372<\/h4>\n<table>\n<tbody>\n<tr>\n<td style=\"color: black;\" width=\"283\"><strong>Cilindrada<\/strong><\/td>\n<td style=\"color: black;\" width=\"283\">70.7 cm\u00b3<\/td>\n<\/tr>\n<tr>\n<td style=\"color: black;\" width=\"283\"><strong>Pot\u00eancia<\/strong><\/td>\n<td style=\"color: black;\" width=\"283\">4.1 kW<\/td>\n<\/tr>\n<tr>\n<td style=\"color: black;\" width=\"283\"><strong>Velocidade da corrente com pot\u00eancia m\u00e1xima<\/strong><\/td>\n<td style=\"color: black;\" width=\"283\">30.2 m\/s<\/td>\n<\/tr>\n<tr>\n<td style=\"color: black;\" width=\"283\"><strong>Capacidade do dep\u00f3sito de gasolina<\/strong><\/td>\n<td style=\"color: black;\" width=\"283\">0.77 l<\/td>\n<\/tr>\n<tr>\n<td style=\"color: black;\" width=\"283\"><strong>Capacidade do dep\u00f3sito de \u00f3leo da corrente<\/strong><\/td>\n<td style=\"color: black;\" width=\"283\">0.42 l<\/td>\n<\/tr>\n<tr>\n<td style=\"color: black;\" width=\"283\"><strong>Comprimento recomendado da l\u00e2mina, min-m\u00e1x<\/strong><\/td>\n<td style=\"color: black;\" width=\"283\">41-71 cm<\/td>\n<\/tr>\n<tr>\n<td style=\"color: black;\" width=\"283\"><strong>Tipo de lubrificante<\/strong><\/td>\n<td style=\"color: black;\" width=\"283\">Husqvarna 2 tempos LS+\/XP ou equiv. a 50:1<\/td>\n<\/tr>\n<tr>\n<td style=\"color: black;\" width=\"283\"><strong>Peso (sem equipamento de corte)<\/strong><\/td>\n<td style=\"color: black;\" width=\"283\">6.6 kg<\/td>\n<\/tr>\n<\/tbody>\n<\/table>","protected":false},"excerpt":{"rendered":"<table>\n<tbody>\n<tr>\n<td style=\"color: black;\" width=\"283\">Cilindrada<\/td>\n<td style=\"color: black;\" width=\"283\">70.7 cm\u00b3<\/td>\n<\/tr>\n<tr>\n<td style=\"color: black;\" width=\"283\">Pot\u00eancia<\/td>\n<td style=\"color: black;\" width=\"283\">4,1 kW<\/td>\n<\/tr>\n<tr>\n<td style=\"color: black;\" width=\"283\">Velocidade da corrente com pot\u00eancia m\u00e1xima<\/td>\n<td style=\"color: black;\" width=\"283\">30.2 m\/s<\/td>\n<\/tr>\n<tr>\n<td style=\"color: black;\" width=\"283\">Comprimento recomendado da l\u00e2mina, min-max<\/td>\n<td style=\"color: black;\" width=\"283\">41-71 cm<\/td>\n<\/tr>\n<tr>\n<td style=\"color: black;\" width=\"283\">Peso (Sem combust\u00edvel ou equipamento de corte)<\/td>\n<td style=\"color: black;\" width=\"283\">6.6 Kg<\/td>\n<\/tr>\n<\/tbody>\n<\/table>","protected":false},"featured_media":52893,"comment_status":"open","ping_status":"closed","template":"","meta":[],"product_brand":[300],"product_cat":[297],"product_tag":[],"class_list":{"0":"post-52880","1":"product","2":"type-product","3":"status-publish","4":"has-post-thumbnail","6":"product_brand-husqvarna","7":"product_cat-motoserras-maquinas","9":"first","10":"instock","11":"taxable","12":"shipping-taxable","13":"purchasable","14":"product-type-simple"},"_links":{"self":[{"href":"https:\/\/www.faustinoclemente.pt\/en\/wp-json\/wp\/v2\/product\/52880","targetHints":{"allow":["GET"]}}],"collection":[{"href":"https:\/\/www.faustinoclemente.pt\/en\/wp-json\/wp\/v2\/product"}],"about":[{"href":"https:\/\/www.faustinoclemente.pt\/en\/wp-json\/wp\/v2\/types\/product"}],"replies":[{"embeddable":true,"href":"https:\/\/www.faustinoclemente.pt\/en\/wp-json\/wp\/v2\/comments?post=52880"}],"wp:featuredmedia":[{"embeddable":true,"href":"https:\/\/www.faustinoclemente.pt\/en\/wp-json\/wp\/v2\/media\/52893"}],"wp:attachment":[{"href":"https:\/\/www.faustinoclemente.pt\/en\/wp-json\/wp\/v2\/media?parent=52880"}],"wp:term":[{"taxonomy":"product_brand","embeddable":true,"href":"https:\/\/www.faustinoclemente.pt\/en\/wp-json\/wp\/v2\/product_brand?post=52880"},{"taxonomy":"product_cat","embeddable":true,"href":"https:\/\/www.faustinoclemente.pt\/en\/wp-json\/wp\/v2\/product_cat?post=52880"},{"taxonomy":"product_tag","embeddable":true,"href":"https:\/\/www.faustinoclemente.pt\/en\/wp-json\/wp\/v2\/product_tag?post=52880"}],"curies":[{"name":"wp","href":"https:\/\/api.w.org\/{rel}","templated":true}]}}