{"id":52852,"date":"2025-07-21T16:59:04","date_gmt":"2025-07-21T16:59:04","guid":{"rendered":"https:\/\/www.faustinoclemente.pt\/?post_type=product&#038;p=52852"},"modified":"2026-05-07T12:32:00","modified_gmt":"2026-05-07T12:32:00","slug":"motosserra-bateria-husqvarna-t540ixp","status":"publish","type":"product","link":"https:\/\/www.faustinoclemente.pt\/en\/producto\/motosserra-bateria-husqvarna-t540ixp\/","title":{"rendered":"Motosserra a Bateria HUSQVARNA T540iXP"},"content":{"rendered":"<h4><big>Descri\u00e7\u00e3o do produto:<\/big><\/h4>\n<p style=\"color: black;\">A motosserra HUSQVARNA T540iXP \u00e9 uma ferramenta alimentada a bateria com 36V de voltagem com equival\u00eancia a 40cm\u00b3, ideal para todo o cuidado profissional de \u00e1rvores. Projetada para arboristas que desejam uma motosserra suave e de alto desempenho, apresenta excelente ergonomia, alta velocidade da corrente e baixo peso. Possui um ponto resistente para fixa\u00e7\u00e3o de cabo, tornando mais f\u00e1cil i\u00e7ar a serra numa \u00e1rvore. Prop\u00f5e de opera\u00e7\u00e3o mais silenciosa, que contribui para um ambiente de trabalho mais agrad\u00e1vel e para uma perturba\u00e7\u00e3o m\u00ednima do ambiente em volta. Bateria e carregador vendidos separadamente.<\/p>\n<h4><big>Acess\u00f3rios inclu\u00eddos:<\/big><\/h4>\n<ul>\n<li style=\"color: black;\">Guia de corrente 30cm .0325&#8243; 1,1mm.<\/li>\n<li style=\"color: black;\">Corrente 0.325&#8243;.<\/li>\n<li style=\"color: black;\">Chave de ajuste de corrente.<\/li>\n<\/ul>\n<h4 id=\"ctl00__content_ctl10_ctl00_ctl11_ctl00__headline\" class=\"product-sub-heading\">Especifica\u00e7\u00f5es Motosserra Husqvarna T540iXP<\/h4>\n<table>\n<tbody>\n<tr>\n<td style=\"color: black;\" width=\"283\"><strong>Voltagem da Bateria<\/strong><\/td>\n<td style=\"color: black;\" width=\"283\">36V<\/td>\n<\/tr>\n<tr>\n<td style=\"color: black;\" width=\"283\"><strong>Tipo de Bateria<\/strong><\/td>\n<td style=\"color: black;\" width=\"283\">I\u00f5es de L\u00edtio<\/td>\n<\/tr>\n<tr>\n<td style=\"color: black;\" width=\"283\"><strong>Equivalente em cm\u00b3<\/strong><\/td>\n<td style=\"color: black;\" width=\"283\">40 cm\u00b3<\/td>\n<\/tr>\n<tr>\n<td style=\"color: black;\" width=\"283\"><strong>Velocidade da corrente (\u00e0 pot\u00eancia m\u00e1xima do motor)<\/strong><\/td>\n<td style=\"color: black;\" width=\"283\">24 m\/s<\/td>\n<\/tr>\n<tr>\n<td style=\"color: black;\" width=\"283\"><strong>Tipo de Motor<\/strong><\/td>\n<td style=\"color: black;\" width=\"283\">Sem escovas<\/td>\n<\/tr>\n<tr>\n<td style=\"color: black;\" width=\"283\"><strong>Capacidade do dep\u00f3sito de \u00f3leo da corrente<\/strong><\/td>\n<td style=\"color: black;\" width=\"283\">0.2 l<\/td>\n<\/tr>\n<tr>\n<td style=\"color: black;\" width=\"283\"><strong>Comprimento recomendado da l\u00e2mina, min-m\u00e1x<\/strong><\/td>\n<td style=\"color: black;\" width=\"283\">30-40 cm<\/td>\n<\/tr>\n<tr>\n<td style=\"color: black;\" width=\"283\"><strong>Peso (sem bateria e equipamento de corte)<\/strong><\/td>\n<td style=\"color: black;\" width=\"283\">2.5 kg<\/td>\n<\/tr>\n<\/tbody>\n<\/table>\n<p>&nbsp;<\/p>\n<div style=\"width: 640px;\" class=\"wp-video\"><video class=\"wp-video-shortcode\" id=\"video-52852-1\" width=\"640\" height=\"360\" preload=\"metadata\" controls=\"controls\"><source type=\"video\/mp4\" src=\"https:\/\/media.husqvarnagroup.com\/videostream\/H196-0004.mp4?_=1\" \/><a href=\"https:\/\/media.husqvarnagroup.com\/videostream\/H196-0004.mp4\">https:\/\/media.husqvarnagroup.com\/videostream\/H196-0004.mp4<\/a><\/video><\/div>","protected":false},"excerpt":{"rendered":"<table>\n<tbody>\n<tr>\n<td style=\"color: black;\" width=\"283\">Voltagem da Bateria<\/td>\n<td style=\"color: black;\" width=\"283\">36V<\/td>\n<\/tr>\n<tr>\n<td style=\"color: black;\" width=\"283\">Velocidade da corrente (\u00e0 pot\u00eancia m\u00e1xima do motor)<\/td>\n<td style=\"color: black;\" width=\"283\">24 m\/s<\/td>\n<\/tr>\n<tr>\n<td style=\"color: black;\" width=\"283\">Equivalente em cm\u00b3<\/td>\n<td style=\"color: black;\" width=\"283\">40 cm\u00b3<\/td>\n<\/tr>\n<tr>\n<td style=\"color: black;\" width=\"283\">Peso (Sem combust\u00edvel ou equipamento de corte)<\/td>\n<td style=\"color: black;\" width=\"283\">2.5 Kg<\/td>\n<\/tr>\n<\/tbody>\n<\/table>","protected":false},"featured_media":52923,"comment_status":"open","ping_status":"closed","template":"","meta":[],"product_brand":[300],"product_cat":[297],"product_tag":[],"class_list":{"0":"post-52852","1":"product","2":"type-product","3":"status-publish","4":"has-post-thumbnail","6":"product_brand-husqvarna","7":"product_cat-motoserras-maquinas","9":"first","10":"outofstock","11":"taxable","12":"shipping-taxable","13":"purchasable","14":"product-type-simple"},"_links":{"self":[{"href":"https:\/\/www.faustinoclemente.pt\/en\/wp-json\/wp\/v2\/product\/52852","targetHints":{"allow":["GET"]}}],"collection":[{"href":"https:\/\/www.faustinoclemente.pt\/en\/wp-json\/wp\/v2\/product"}],"about":[{"href":"https:\/\/www.faustinoclemente.pt\/en\/wp-json\/wp\/v2\/types\/product"}],"replies":[{"embeddable":true,"href":"https:\/\/www.faustinoclemente.pt\/en\/wp-json\/wp\/v2\/comments?post=52852"}],"wp:featuredmedia":[{"embeddable":true,"href":"https:\/\/www.faustinoclemente.pt\/en\/wp-json\/wp\/v2\/media\/52923"}],"wp:attachment":[{"href":"https:\/\/www.faustinoclemente.pt\/en\/wp-json\/wp\/v2\/media?parent=52852"}],"wp:term":[{"taxonomy":"product_brand","embeddable":true,"href":"https:\/\/www.faustinoclemente.pt\/en\/wp-json\/wp\/v2\/product_brand?post=52852"},{"taxonomy":"product_cat","embeddable":true,"href":"https:\/\/www.faustinoclemente.pt\/en\/wp-json\/wp\/v2\/product_cat?post=52852"},{"taxonomy":"product_tag","embeddable":true,"href":"https:\/\/www.faustinoclemente.pt\/en\/wp-json\/wp\/v2\/product_tag?post=52852"}],"curies":[{"name":"wp","href":"https:\/\/api.w.org\/{rel}","templated":true}]}}