{"id":52641,"date":"2025-06-06T15:33:14","date_gmt":"2025-06-06T15:33:14","guid":{"rendered":"https:\/\/www.faustinoclemente.pt\/?post_type=product&#038;p=52641"},"modified":"2026-05-07T12:32:05","modified_gmt":"2026-05-07T12:32:05","slug":"rocadora-aparadora-bateria-husqvarna-110il-kit","status":"publish","type":"product","link":"https:\/\/www.faustinoclemente.pt\/en\/producto\/rocadora-aparadora-bateria-husqvarna-110il-kit\/","title":{"rendered":"Ro\u00e7adora aparadora a Bateria HUSQVARNA 110iL KIT"},"content":{"rendered":"<h4><big>Descri\u00e7\u00e3o do produto:<\/big><\/h4>\n<p style=\"color: black;\">A Ro\u00e7adora aparadora HUSQVARNA 110iL \u00e9 uma ferramenta a bateria com 36V de voltagem. Com o modo de aparar bordas, basta rodar a cabe\u00e7a do aparador para utilizar a roda de suporte integral e beneficiar de maior controlo e precis\u00e3o ao cortar os rebordos de relva. Qualidade caracter\u00edstica das m\u00e1quinas a bateria da HUSQVARNA, a 110iL tamb\u00e9m prop\u00f5e de opera\u00e7\u00e3o silenciosa, o baixo n\u00edvel de ru\u00eddo contribui para um ambiente de trabalho agrad\u00e1vel e para uma perturba\u00e7\u00e3o m\u00ednima do ambiente em volta. A asa frontal tem ajuste simples para um uso confort\u00e1vel e melhor controlo.<\/p>\n<h4><big>Acess\u00f3rios inclu\u00eddos:<\/big><\/h4>\n<ul>\n<li style=\"color: black;\">Bateria 40-B70<br \/>\n<img decoding=\"async\" class=\"alignnone wp-image-52793\" src=\"https:\/\/www.faustinoclemente.pt\/wp-content\/uploads\/2025\/06\/Battery_40-B70-scaled.webp\" alt=\"\" width=\"159\" height=\"159\" srcset=\"https:\/\/www.faustinoclemente.pt\/wp-content\/uploads\/2025\/06\/Battery_40-B70-scaled.webp 2560w, https:\/\/www.faustinoclemente.pt\/wp-content\/uploads\/2025\/06\/Battery_40-B70-1536x1536.webp 1536w, https:\/\/www.faustinoclemente.pt\/wp-content\/uploads\/2025\/06\/Battery_40-B70-2048x2048.webp 2048w, https:\/\/www.faustinoclemente.pt\/wp-content\/uploads\/2025\/06\/Battery_40-B70-370x370.webp 370w, https:\/\/www.faustinoclemente.pt\/wp-content\/uploads\/2025\/06\/Battery_40-B70-120x120.webp 120w, https:\/\/www.faustinoclemente.pt\/wp-content\/uploads\/2025\/06\/Battery_40-B70-840x840.webp 840w, https:\/\/www.faustinoclemente.pt\/wp-content\/uploads\/2025\/06\/Battery_40-B70-410x410.webp 410w, https:\/\/www.faustinoclemente.pt\/wp-content\/uploads\/2025\/06\/Battery_40-B70-600x600.webp 600w, https:\/\/www.faustinoclemente.pt\/wp-content\/uploads\/2025\/06\/Battery_40-B70-150x150.webp 150w\" sizes=\"(max-width: 159px) 100vw, 159px\" \/><\/li>\n<li style=\"color: black;\">Carregador 40-C80<br \/>\n<img decoding=\"async\" class=\"alignnone wp-image-52794\" src=\"https:\/\/www.faustinoclemente.pt\/wp-content\/uploads\/2025\/06\/Charger_40-C80-scaled.webp\" alt=\"\" width=\"148\" height=\"128\" srcset=\"https:\/\/www.faustinoclemente.pt\/wp-content\/uploads\/2025\/06\/Charger_40-C80-scaled.webp 2560w, https:\/\/www.faustinoclemente.pt\/wp-content\/uploads\/2025\/06\/Charger_40-C80-1536x1333.webp 1536w, https:\/\/www.faustinoclemente.pt\/wp-content\/uploads\/2025\/06\/Charger_40-C80-2048x1777.webp 2048w, https:\/\/www.faustinoclemente.pt\/wp-content\/uploads\/2025\/06\/Charger_40-C80-370x321.webp 370w, https:\/\/www.faustinoclemente.pt\/wp-content\/uploads\/2025\/06\/Charger_40-C80-840x729.webp 840w, https:\/\/www.faustinoclemente.pt\/wp-content\/uploads\/2025\/06\/Charger_40-C80-410x356.webp 410w, https:\/\/www.faustinoclemente.pt\/wp-content\/uploads\/2025\/06\/Charger_40-C80-600x521.webp 600w\" sizes=\"(max-width: 148px) 100vw, 148px\" \/><\/li>\n<\/ul>\n<h4 id=\"ctl00__content_ctl10_ctl00_ctl11_ctl00__headline\" class=\"product-sub-heading\" title=\"Especifica\u00e7\u00f5es da Ro\u00e7adora semiprofissional 129R\">Especifica\u00e7\u00f5es Ro\u00e7adora Husqvarna 110iL<\/h4>\n<table>\n<tbody>\n<tr>\n<td style=\"color: black;\" width=\"283\"><strong>Voltagem da Bateria<\/strong><\/td>\n<td style=\"color: black;\" width=\"283\">36V<\/td>\n<\/tr>\n<tr>\n<td style=\"color: black;\" width=\"283\"><strong>Tipo de Bateria<\/strong><\/td>\n<td style=\"color: black;\" width=\"283\">I\u00f5es de L\u00edtio<\/td>\n<\/tr>\n<tr>\n<td style=\"color: black;\" width=\"283\"><strong>Velocidade m\u00e1xima<\/strong><\/td>\n<td style=\"color: black;\" width=\"283\">6500 rpm<\/td>\n<\/tr>\n<tr>\n<td style=\"color: black;\" width=\"283\"><strong>Tipo de Motor<\/strong><\/td>\n<td style=\"color: black;\" width=\"283\">PMDC (2 Escovas)<\/td>\n<\/tr>\n<tr>\n<td style=\"color: black;\" width=\"283\"><strong>Peso (sem bateria)<\/strong><\/td>\n<td style=\"color: black;\" width=\"283\">3.2 kg<\/td>\n<\/tr>\n<tr>\n<td style=\"color: black;\" width=\"283\"><strong>Di\u00e2metro do tubo<\/strong><\/td>\n<td style=\"color: black;\" width=\"283\">26 mm<\/td>\n<\/tr>\n<\/tbody>\n<\/table>\n<div style=\"width: 640px;\" class=\"wp-video\"><video class=\"wp-video-shortcode\" id=\"video-52641-1\" width=\"640\" height=\"360\" preload=\"metadata\" controls=\"controls\"><source type=\"video\/mp4\" src=\"https:\/\/media.husqvarnagroup.com\/videostream\/XW-529365.mp4?_=1\" \/><a href=\"https:\/\/media.husqvarnagroup.com\/videostream\/XW-529365.mp4\">https:\/\/media.husqvarnagroup.com\/videostream\/XW-529365.mp4<\/a><\/video><\/div>\n<p>&nbsp;<\/p>","protected":false},"excerpt":{"rendered":"<table>\n<tbody>\n<tr>\n<td style=\"color: black;\" width=\"283\">Voltagem da Bateria<\/td>\n<td style=\"color: black;\" width=\"283\">36V<\/td>\n<\/tr>\n<tr>\n<td style=\"color: black;\" width=\"283\">Velocidade M\u00e1xima<\/td>\n<td style=\"color: black;\" width=\"283\">6500 rpm<\/td>\n<\/tr>\n<tr>\n<td style=\"color: black;\" width=\"283\">Peso (Sem combust\u00edvel ou equipamento de corte)<\/td>\n<td style=\"color: black;\" width=\"283\">3.2 Kg<\/td>\n<\/tr>\n<\/tbody>\n<\/table>","protected":false},"featured_media":52788,"comment_status":"open","ping_status":"closed","template":"","meta":[],"product_brand":[300],"product_cat":[303],"product_tag":[],"class_list":{"0":"post-52641","1":"product","2":"type-product","3":"status-publish","4":"has-post-thumbnail","6":"product_brand-husqvarna","7":"product_cat-rocadoras-maquinas","9":"first","10":"instock","11":"taxable","12":"shipping-taxable","13":"purchasable","14":"product-type-simple"},"_links":{"self":[{"href":"https:\/\/www.faustinoclemente.pt\/en\/wp-json\/wp\/v2\/product\/52641","targetHints":{"allow":["GET"]}}],"collection":[{"href":"https:\/\/www.faustinoclemente.pt\/en\/wp-json\/wp\/v2\/product"}],"about":[{"href":"https:\/\/www.faustinoclemente.pt\/en\/wp-json\/wp\/v2\/types\/product"}],"replies":[{"embeddable":true,"href":"https:\/\/www.faustinoclemente.pt\/en\/wp-json\/wp\/v2\/comments?post=52641"}],"wp:featuredmedia":[{"embeddable":true,"href":"https:\/\/www.faustinoclemente.pt\/en\/wp-json\/wp\/v2\/media\/52788"}],"wp:attachment":[{"href":"https:\/\/www.faustinoclemente.pt\/en\/wp-json\/wp\/v2\/media?parent=52641"}],"wp:term":[{"taxonomy":"product_brand","embeddable":true,"href":"https:\/\/www.faustinoclemente.pt\/en\/wp-json\/wp\/v2\/product_brand?post=52641"},{"taxonomy":"product_cat","embeddable":true,"href":"https:\/\/www.faustinoclemente.pt\/en\/wp-json\/wp\/v2\/product_cat?post=52641"},{"taxonomy":"product_tag","embeddable":true,"href":"https:\/\/www.faustinoclemente.pt\/en\/wp-json\/wp\/v2\/product_tag?post=52641"}],"curies":[{"name":"wp","href":"https:\/\/api.w.org\/{rel}","templated":true}]}}