{"id":52639,"date":"2025-06-06T15:32:55","date_gmt":"2025-06-06T15:32:55","guid":{"rendered":"https:\/\/www.faustinoclemente.pt\/?post_type=product&#038;p=52639"},"modified":"2026-05-07T12:31:22","modified_gmt":"2026-05-07T12:31:22","slug":"rocadora-bateria-husqvarna-325ilk-trimmer","status":"publish","type":"product","link":"https:\/\/www.faustinoclemente.pt\/en\/producto\/rocadora-bateria-husqvarna-325ilk-trimmer\/","title":{"rendered":"Ro\u00e7adora a Bateria HUSQVARNA 325iLK + Trimmer"},"content":{"rendered":"<h4><big>Descri\u00e7\u00e3o do produto:<\/big><\/h4>\n<p style=\"color: black;\">A Ro\u00e7adora aparadora HUSQVARNA 325iLK \u00e9 uma ferramenta alimentada a bateria com 36V de voltagem. Qualidade caracter\u00edstica das m\u00e1quinas a bateria da HUSQVARNA, a 325iLK tamb\u00e9m prop\u00f5e de opera\u00e7\u00e3o silenciosa, o baixo n\u00edvel de ru\u00eddo contribui para um ambiente de trabalho agrad\u00e1vel e para uma perturba\u00e7\u00e3o m\u00ednima do ambiente em volta. Com sistema de conex\u00e3o r\u00e1pida compat\u00edvel com os acess\u00f3rios HUSQVARNA de gasolina existentes, para m\u00e1xima versatilidade e produtividade. Bateria e carregador vendidos separadamente.<\/p>\n<h4><big>Acess\u00f3rios inclu\u00eddos:<\/big><\/h4>\n<ul>\n<li style=\"color: black;\">Cabe\u00e7a de fio de nylon Trimmy T35, com sistema &#8220;Tap &#8216;n Go&#8221; que oferece uma linha de alimenta\u00e7\u00e3o r\u00e1pida.<br \/>\n<img decoding=\"async\" class=\"alignnone wp-image-52682\" src=\"https:\/\/www.faustinoclemente.pt\/wp-content\/uploads\/2025\/04\/Trimmy_T35-scaled.webp\" alt=\"\" width=\"175\" height=\"140\" srcset=\"https:\/\/www.faustinoclemente.pt\/wp-content\/uploads\/2025\/04\/Trimmy_T35-scaled.webp 2560w, https:\/\/www.faustinoclemente.pt\/wp-content\/uploads\/2025\/04\/Trimmy_T35-1536x1232.webp 1536w, https:\/\/www.faustinoclemente.pt\/wp-content\/uploads\/2025\/04\/Trimmy_T35-2048x1642.webp 2048w, https:\/\/www.faustinoclemente.pt\/wp-content\/uploads\/2025\/04\/Trimmy_T35-370x297.webp 370w, https:\/\/www.faustinoclemente.pt\/wp-content\/uploads\/2025\/04\/Trimmy_T35-840x674.webp 840w, https:\/\/www.faustinoclemente.pt\/wp-content\/uploads\/2025\/04\/Trimmy_T35-410x329.webp 410w, https:\/\/www.faustinoclemente.pt\/wp-content\/uploads\/2025\/04\/Trimmy_T35-600x481.webp 600w\" sizes=\"(max-width: 175px) 100vw, 175px\" \/><\/li>\n<\/ul>\n<h4 id=\"ctl00__content_ctl10_ctl00_ctl11_ctl00__headline\" class=\"product-sub-heading\">Especifica\u00e7\u00f5es Ro\u00e7adora Husqvarna 325iLK<\/h4>\n<table>\n<tbody>\n<tr>\n<td style=\"color: black;\" width=\"283\"><strong>Voltagem da Bateria<\/strong><\/td>\n<td style=\"color: black;\" width=\"283\">36V<\/td>\n<\/tr>\n<tr>\n<td style=\"color: black;\" width=\"283\"><strong>Tipo de Bateria<\/strong><\/td>\n<td style=\"color: black;\" width=\"283\">I\u00f5es de L\u00edtio<\/td>\n<\/tr>\n<tr>\n<td style=\"color: black;\" width=\"283\"><strong>Velocidade m\u00e1xima<\/strong><\/td>\n<td style=\"color: black;\" width=\"283\">8400 rpm<\/td>\n<\/tr>\n<tr>\n<td style=\"color: black;\" width=\"283\"><strong>Tipo de Motor<\/strong><\/td>\n<td style=\"color: black;\" width=\"283\">BLDC (Sem escovas)<\/td>\n<\/tr>\n<tr>\n<td style=\"color: black;\" width=\"283\"><strong>Trimmy OEM<\/strong><\/td>\n<td style=\"color: black;\" width=\"283\">T35 M10<\/td>\n<\/tr>\n<tr>\n<td style=\"color: black;\" width=\"283\"><strong>Peso (sem bateria e equipamento de corte)<\/strong><\/td>\n<td style=\"color: black;\" width=\"283\">3.4 kg<\/td>\n<\/tr>\n<tr>\n<td style=\"color: black;\" width=\"283\"><strong>Comprimento do tubo<\/strong><\/td>\n<td style=\"color: black;\" width=\"283\">1435 mm<\/td>\n<\/tr>\n<tr>\n<td style=\"color: black;\" width=\"283\"><strong>Di\u00e2metro do tubo<\/strong><\/td>\n<td style=\"color: black;\" width=\"283\">24 mm<\/td>\n<\/tr>\n<\/tbody>\n<\/table>\n<p>&nbsp;<\/p>\n<div style=\"width: 640px;\" class=\"wp-video\"><video class=\"wp-video-shortcode\" id=\"video-52639-1\" width=\"640\" height=\"360\" preload=\"metadata\" controls=\"controls\"><source type=\"video\/mp4\" src=\"https:\/\/media.husqvarnagroup.com\/videostream\/ZS-399569.mp4?_=1\" \/><a href=\"https:\/\/media.husqvarnagroup.com\/videostream\/ZS-399569.mp4\">https:\/\/media.husqvarnagroup.com\/videostream\/ZS-399569.mp4<\/a><\/video><\/div>","protected":false},"excerpt":{"rendered":"<table>\n<tbody>\n<tr>\n<td style=\"color: black;\" width=\"283\">Voltagem da Bateria<\/td>\n<td style=\"color: black;\" width=\"283\">36V<\/td>\n<\/tr>\n<tr>\n<td style=\"color: black;\" width=\"283\">Velocidade M\u00e1xima<\/td>\n<td style=\"color: black;\" width=\"283\">8400 rpm<\/td>\n<\/tr>\n<tr>\n<td style=\"color: black;\" width=\"283\">Peso (Sem combust\u00edvel ou equipamento de corte)<\/td>\n<td style=\"color: black;\" width=\"283\">3.4 Kg<\/td>\n<\/tr>\n<\/tbody>\n<\/table>","protected":false},"featured_media":52821,"comment_status":"open","ping_status":"closed","template":"","meta":[],"product_brand":[300],"product_cat":[303],"product_tag":[],"class_list":{"0":"post-52639","1":"product","2":"type-product","3":"status-publish","4":"has-post-thumbnail","6":"product_brand-husqvarna","7":"product_cat-rocadoras-maquinas","9":"first","10":"outofstock","11":"taxable","12":"shipping-taxable","13":"purchasable","14":"product-type-simple"},"_links":{"self":[{"href":"https:\/\/www.faustinoclemente.pt\/en\/wp-json\/wp\/v2\/product\/52639","targetHints":{"allow":["GET"]}}],"collection":[{"href":"https:\/\/www.faustinoclemente.pt\/en\/wp-json\/wp\/v2\/product"}],"about":[{"href":"https:\/\/www.faustinoclemente.pt\/en\/wp-json\/wp\/v2\/types\/product"}],"replies":[{"embeddable":true,"href":"https:\/\/www.faustinoclemente.pt\/en\/wp-json\/wp\/v2\/comments?post=52639"}],"wp:featuredmedia":[{"embeddable":true,"href":"https:\/\/www.faustinoclemente.pt\/en\/wp-json\/wp\/v2\/media\/52821"}],"wp:attachment":[{"href":"https:\/\/www.faustinoclemente.pt\/en\/wp-json\/wp\/v2\/media?parent=52639"}],"wp:term":[{"taxonomy":"product_brand","embeddable":true,"href":"https:\/\/www.faustinoclemente.pt\/en\/wp-json\/wp\/v2\/product_brand?post=52639"},{"taxonomy":"product_cat","embeddable":true,"href":"https:\/\/www.faustinoclemente.pt\/en\/wp-json\/wp\/v2\/product_cat?post=52639"},{"taxonomy":"product_tag","embeddable":true,"href":"https:\/\/www.faustinoclemente.pt\/en\/wp-json\/wp\/v2\/product_tag?post=52639"}],"curies":[{"name":"wp","href":"https:\/\/api.w.org\/{rel}","templated":true}]}}