{"id":52638,"date":"2025-06-06T15:32:52","date_gmt":"2025-06-06T15:32:52","guid":{"rendered":"https:\/\/www.faustinoclemente.pt\/?post_type=product&#038;p=52638"},"modified":"2026-05-07T12:31:18","modified_gmt":"2026-05-07T12:31:18","slug":"rocadora-bateria-husqvarna-535irx","status":"publish","type":"product","link":"https:\/\/www.faustinoclemente.pt\/en\/producto\/rocadora-bateria-husqvarna-535irx\/","title":{"rendered":"Ro\u00e7adora bateria HUSQVARNA 535iRX"},"content":{"rendered":"<h4><big>Descri\u00e7\u00e3o do produto:<\/big><\/h4>\n<p style=\"color: black;\">A Ro\u00e7adora aparadora HUSQVARNA 535iRX \u00e9 uma ferramenta alimentada a bateria com 36V de voltagem. Qualidade caracter\u00edstica das m\u00e1quinas a bateria da HUSQVARNA, a 535iRX tamb\u00e9m prop\u00f5e de opera\u00e7\u00e3o silenciosa, o baixo n\u00edvel de ru\u00eddo contribui para um ambiente de trabalho agrad\u00e1vel e para uma perturba\u00e7\u00e3o m\u00ednima do ambiente em volta. O posto elevado compensado aumenta a liberdade de movimentos no trabalho em encostas. Bateria e carregador vendidos separadamente.<\/p>\n<h4><big>Acess\u00f3rios inclu\u00eddos:<\/big><\/h4>\n<ul>\n<li style=\"color: black;\">Suspens\u00f3rios Balance 55 de correias duplas.<br \/>\n<img decoding=\"async\" class=\"alignnone wp-image-52814\" src=\"https:\/\/www.faustinoclemente.pt\/wp-content\/uploads\/2025\/06\/Harness_Balance_55.webp\" alt=\"\" width=\"163\" height=\"245\" srcset=\"https:\/\/www.faustinoclemente.pt\/wp-content\/uploads\/2025\/06\/Harness_Balance_55.webp 1179w, https:\/\/www.faustinoclemente.pt\/wp-content\/uploads\/2025\/06\/Harness_Balance_55-1023x1536.webp 1023w, https:\/\/www.faustinoclemente.pt\/wp-content\/uploads\/2025\/06\/Harness_Balance_55-370x556.webp 370w, https:\/\/www.faustinoclemente.pt\/wp-content\/uploads\/2025\/06\/Harness_Balance_55-840x1262.webp 840w, https:\/\/www.faustinoclemente.pt\/wp-content\/uploads\/2025\/06\/Harness_Balance_55-410x616.webp 410w, https:\/\/www.faustinoclemente.pt\/wp-content\/uploads\/2025\/06\/Harness_Balance_55-600x901.webp 600w\" sizes=\"(max-width: 163px) 100vw, 163px\" \/><\/li>\n<li style=\"color: black;\">Cabe\u00e7a de fio de nylon Trimmy T35, com sistema &#8220;Tap &#8216;n Go&#8221; que oferece uma linha de alimenta\u00e7\u00e3o r\u00e1pida.<br \/>\n<img decoding=\"async\" class=\"alignnone wp-image-52682\" src=\"https:\/\/www.faustinoclemente.pt\/wp-content\/uploads\/2025\/04\/Trimmy_T35-scaled.webp\" alt=\"\" width=\"175\" height=\"140\" srcset=\"https:\/\/www.faustinoclemente.pt\/wp-content\/uploads\/2025\/04\/Trimmy_T35-scaled.webp 2560w, https:\/\/www.faustinoclemente.pt\/wp-content\/uploads\/2025\/04\/Trimmy_T35-1536x1232.webp 1536w, https:\/\/www.faustinoclemente.pt\/wp-content\/uploads\/2025\/04\/Trimmy_T35-2048x1642.webp 2048w, https:\/\/www.faustinoclemente.pt\/wp-content\/uploads\/2025\/04\/Trimmy_T35-370x297.webp 370w, https:\/\/www.faustinoclemente.pt\/wp-content\/uploads\/2025\/04\/Trimmy_T35-840x674.webp 840w, https:\/\/www.faustinoclemente.pt\/wp-content\/uploads\/2025\/04\/Trimmy_T35-410x329.webp 410w, https:\/\/www.faustinoclemente.pt\/wp-content\/uploads\/2025\/04\/Trimmy_T35-600x481.webp 600w\" sizes=\"(max-width: 175px) 100vw, 175px\" \/><\/li>\n<li style=\"color: black;\">Disco\/L\u00e2mina de relva Multi 300-3<br \/>\n<img decoding=\"async\" class=\"alignnone wp-image-52689\" src=\"https:\/\/www.faustinoclemente.pt\/wp-content\/uploads\/2025\/04\/Disc_Multi_300-3T-scaled.webp\" alt=\"\" width=\"199\" height=\"173\" srcset=\"https:\/\/www.faustinoclemente.pt\/wp-content\/uploads\/2025\/04\/Disc_Multi_300-3T-scaled.webp 2560w, https:\/\/www.faustinoclemente.pt\/wp-content\/uploads\/2025\/04\/Disc_Multi_300-3T-1536x1334.webp 1536w, https:\/\/www.faustinoclemente.pt\/wp-content\/uploads\/2025\/04\/Disc_Multi_300-3T-2048x1778.webp 2048w, https:\/\/www.faustinoclemente.pt\/wp-content\/uploads\/2025\/04\/Disc_Multi_300-3T-370x321.webp 370w, https:\/\/www.faustinoclemente.pt\/wp-content\/uploads\/2025\/04\/Disc_Multi_300-3T-840x729.webp 840w, https:\/\/www.faustinoclemente.pt\/wp-content\/uploads\/2025\/04\/Disc_Multi_300-3T-410x356.webp 410w, https:\/\/www.faustinoclemente.pt\/wp-content\/uploads\/2025\/04\/Disc_Multi_300-3T-600x521.webp 600w\" sizes=\"(max-width: 199px) 100vw, 199px\" \/><\/li>\n<\/ul>\n<h4 id=\"ctl00__content_ctl10_ctl00_ctl11_ctl00__headline\" class=\"product-sub-heading\">Especifica\u00e7\u00f5es Ro\u00e7adora Husqvarna 535iRX<\/h4>\n<table>\n<tbody>\n<tr>\n<td style=\"color: black;\" width=\"283\"><strong>Voltagem da Bateria<\/strong><\/td>\n<td style=\"color: black;\" width=\"283\">36V<\/td>\n<\/tr>\n<tr>\n<td style=\"color: black;\" width=\"283\"><strong>Tipo de Bateria<\/strong><\/td>\n<td style=\"color: black;\" width=\"283\">I\u00f5es de L\u00edtio<\/td>\n<\/tr>\n<tr>\n<td style=\"color: black;\" width=\"283\"><strong>Velocidade m\u00e1xima<\/strong><\/td>\n<td style=\"color: black;\" width=\"283\">11500 rpm<\/td>\n<\/tr>\n<tr>\n<td style=\"color: black;\" width=\"283\"><strong>Tipo de Motor<\/strong><\/td>\n<td style=\"color: black;\" width=\"283\">BLDC (Sem escovas)<\/td>\n<\/tr>\n<tr>\n<td style=\"color: black;\" width=\"283\"><strong>Trimmy OEM<\/strong><\/td>\n<td style=\"color: black;\" width=\"283\">T35 M12<\/td>\n<\/tr>\n<tr>\n<td style=\"color: black;\" width=\"283\"><strong>L\u00e2mina para relva OEM<\/strong><\/td>\n<td style=\"color: black;\" width=\"283\">Multi 300-3<\/td>\n<\/tr>\n<tr>\n<td style=\"color: black;\" width=\"283\"><strong>Suspens\u00f3rio OEM<\/strong><\/td>\n<td style=\"color: black;\" width=\"283\">Suspens\u00f3rio Husqvarna Balance 55<\/td>\n<\/tr>\n<tr>\n<td style=\"color: black;\" width=\"283\"><strong>Peso (sem bateria e equipamento de corte)<\/strong><\/td>\n<td style=\"color: black;\" width=\"283\">4.9 kg<\/td>\n<\/tr>\n<tr>\n<td style=\"color: black;\" width=\"283\"><strong>Comprimento do tubo<\/strong><\/td>\n<td style=\"color: black;\" width=\"283\">1380 mm<\/td>\n<\/tr>\n<tr>\n<td style=\"color: black;\" width=\"283\"><strong>Di\u00e2metro do tubo<\/strong><\/td>\n<td style=\"color: black;\" width=\"283\">28 mm<\/td>\n<\/tr>\n<\/tbody>\n<\/table>\n<p>&nbsp;<\/p>","protected":false},"excerpt":{"rendered":"<table>\n<tbody>\n<tr>\n<td style=\"color: black;\" width=\"283\">Voltagem da Bateria<\/td>\n<td style=\"color: black;\" width=\"283\">36V<\/td>\n<\/tr>\n<tr>\n<td style=\"color: black;\" width=\"283\">Velocidade M\u00e1xima<\/td>\n<td style=\"color: black;\" width=\"283\">11500 rpm<\/td>\n<\/tr>\n<tr>\n<td style=\"color: black;\" width=\"283\">Peso (Sem combust\u00edvel ou equipamento de corte)<\/td>\n<td style=\"color: black;\" width=\"283\">4.9 Kg<\/td>\n<\/tr>\n<\/tbody>\n<\/table>","protected":false},"featured_media":52811,"comment_status":"open","ping_status":"closed","template":"","meta":[],"product_brand":[300],"product_cat":[303],"product_tag":[],"class_list":{"0":"post-52638","1":"product","2":"type-product","3":"status-publish","4":"has-post-thumbnail","6":"product_brand-husqvarna","7":"product_cat-rocadoras-maquinas","9":"first","10":"instock","11":"taxable","12":"shipping-taxable","13":"purchasable","14":"product-type-simple"},"_links":{"self":[{"href":"https:\/\/www.faustinoclemente.pt\/en\/wp-json\/wp\/v2\/product\/52638","targetHints":{"allow":["GET"]}}],"collection":[{"href":"https:\/\/www.faustinoclemente.pt\/en\/wp-json\/wp\/v2\/product"}],"about":[{"href":"https:\/\/www.faustinoclemente.pt\/en\/wp-json\/wp\/v2\/types\/product"}],"replies":[{"embeddable":true,"href":"https:\/\/www.faustinoclemente.pt\/en\/wp-json\/wp\/v2\/comments?post=52638"}],"wp:featuredmedia":[{"embeddable":true,"href":"https:\/\/www.faustinoclemente.pt\/en\/wp-json\/wp\/v2\/media\/52811"}],"wp:attachment":[{"href":"https:\/\/www.faustinoclemente.pt\/en\/wp-json\/wp\/v2\/media?parent=52638"}],"wp:term":[{"taxonomy":"product_brand","embeddable":true,"href":"https:\/\/www.faustinoclemente.pt\/en\/wp-json\/wp\/v2\/product_brand?post=52638"},{"taxonomy":"product_cat","embeddable":true,"href":"https:\/\/www.faustinoclemente.pt\/en\/wp-json\/wp\/v2\/product_cat?post=52638"},{"taxonomy":"product_tag","embeddable":true,"href":"https:\/\/www.faustinoclemente.pt\/en\/wp-json\/wp\/v2\/product_tag?post=52638"}],"curies":[{"name":"wp","href":"https:\/\/api.w.org\/{rel}","templated":true}]}}