{"id":52635,"date":"2025-06-06T15:32:25","date_gmt":"2025-06-06T15:32:25","guid":{"rendered":"https:\/\/www.faustinoclemente.pt\/?post_type=product&#038;p=52635"},"modified":"2026-05-07T12:30:41","modified_gmt":"2026-05-07T12:30:41","slug":"rocadora-husqvarna-525lk","status":"publish","type":"product","link":"https:\/\/www.faustinoclemente.pt\/en\/producto\/rocadora-husqvarna-525lk\/","title":{"rendered":"Ro\u00e7adora HUSQVARNA 525LK"},"content":{"rendered":"<h4><big>Descri\u00e7\u00e3o do produto:<\/big><\/h4>\n<p style=\"color: black;\">A Ro\u00e7adora HUSQVARNA 525LK \u00e9 uma ferramenta a gasolina (com mistura) com motor a dois tempos de 25.4cc e tecnologia X-Torq\u00ae, que reduz as emiss\u00f5es de gases nocivos em at\u00e9 75% e aumenta a efici\u00eancia de combust\u00edvel em at\u00e9 20%. Para maior conveni\u00eancia, a 525LK tamb\u00e9m possui um sistema Smart Start\u00ae que reduz a resist\u00eancia da corda de arranque em at\u00e9 40%, enquanto que a bomba de combust\u00edvel e o bot\u00e3o de arranque de auto-retorno ajudam a a garantir que o trabalho \u00e9 completamente livre de problemas. Possui tubo destac\u00e1vel para f\u00e1cil transporte e armazenamento.<\/p>\n<h4><big>Acess\u00f3rios inclu\u00eddos:<\/big><\/h4>\n<ul>\n<li style=\"color: black;\">Cabe\u00e7a de fio de nylon Trimmy T35, com sistema &#8220;Tap &#8216;n Go&#8221; que oferece uma linha de alimenta\u00e7\u00e3o r\u00e1pida.<br \/>\n<img decoding=\"async\" class=\"alignnone wp-image-52682\" src=\"https:\/\/www.faustinoclemente.pt\/wp-content\/uploads\/2025\/04\/Trimmy_T35-scaled.webp\" alt=\"\" width=\"175\" height=\"140\" srcset=\"https:\/\/www.faustinoclemente.pt\/wp-content\/uploads\/2025\/04\/Trimmy_T35-scaled.webp 2560w, https:\/\/www.faustinoclemente.pt\/wp-content\/uploads\/2025\/04\/Trimmy_T35-1536x1232.webp 1536w, https:\/\/www.faustinoclemente.pt\/wp-content\/uploads\/2025\/04\/Trimmy_T35-2048x1642.webp 2048w, https:\/\/www.faustinoclemente.pt\/wp-content\/uploads\/2025\/04\/Trimmy_T35-370x297.webp 370w, https:\/\/www.faustinoclemente.pt\/wp-content\/uploads\/2025\/04\/Trimmy_T35-840x674.webp 840w, https:\/\/www.faustinoclemente.pt\/wp-content\/uploads\/2025\/04\/Trimmy_T35-410x329.webp 410w, https:\/\/www.faustinoclemente.pt\/wp-content\/uploads\/2025\/04\/Trimmy_T35-600x481.webp 600w\" sizes=\"(max-width: 175px) 100vw, 175px\" \/><\/li>\n<\/ul>\n<h4 id=\"ctl00__content_ctl10_ctl00_ctl11_ctl00__headline\" class=\"product-sub-heading\" title=\"Especifica\u00e7\u00f5es da Ro\u00e7adora semiprofissional 129R\">Especifica\u00e7\u00f5es Ro\u00e7adora Husqvarna 525LK<\/h4>\n<table>\n<tbody>\n<tr>\n<td style=\"color: black;\" width=\"283\"><strong>Cilindrada<\/strong><\/td>\n<td style=\"color: black;\" width=\"283\">25.4 cm\u00b3<\/td>\n<\/tr>\n<tr>\n<td style=\"color: black;\" width=\"283\"><strong>Pot\u00eancia<\/strong><\/td>\n<td style=\"color: black;\" width=\"283\">1 kW<\/td>\n<\/tr>\n<tr>\n<td style=\"color: black;\" width=\"283\"><strong>Velocidade m\u00e1xima<\/strong><\/td>\n<td style=\"color: black;\" width=\"283\">8500 rpm<\/td>\n<\/tr>\n<tr>\n<td style=\"color: black;\" width=\"283\"><strong>Capacidade do dep\u00f3sito<\/strong><\/td>\n<td style=\"color: black;\" width=\"283\">0.51 l<\/td>\n<\/tr>\n<tr>\n<td style=\"color: black;\" width=\"283\"><strong>Consumo de combust\u00edvel<\/strong><\/td>\n<td style=\"color: black;\" width=\"283\">600 g\/kWh<\/td>\n<\/tr>\n<tr>\n<td style=\"color: black;\" width=\"283\"><strong>Velocidade sem carga<\/strong><\/td>\n<td style=\"color: black;\" width=\"283\">3000 rpm<\/td>\n<\/tr>\n<tr>\n<td style=\"color: black;\" width=\"283\"><strong>Vela de igni\u00e7\u00e3o<\/strong><\/td>\n<td style=\"color: black;\" width=\"283\">NGK BPMR8Y<\/td>\n<\/tr>\n<tr>\n<td style=\"color: black;\" width=\"283\"><strong>Tipo de lubrificante<\/strong><\/td>\n<td style=\"color: black;\" width=\"283\">Husqvarna 2 tempos LS+\/XP ou equiv. a 50:1<\/td>\n<\/tr>\n<tr>\n<td style=\"color: black;\" width=\"283\"><strong>Trimmy OEM<\/strong><\/td>\n<td style=\"color: black;\" width=\"283\">T35 M10<\/td>\n<\/tr>\n<tr>\n<td style=\"color: black;\" width=\"283\"><strong>Peso (sem equipamento de corte)<\/strong><\/td>\n<td style=\"color: black;\" width=\"283\">4.7 kg<\/td>\n<\/tr>\n<tr>\n<td style=\"color: black;\" width=\"283\"><strong>Comprimento do tubo<\/strong><\/td>\n<td style=\"color: black;\" width=\"283\">1483 mm<\/td>\n<\/tr>\n<tr>\n<td style=\"color: black;\" width=\"283\"><strong>Di\u00e2metro do tubo<\/strong><\/td>\n<td style=\"color: black;\" width=\"283\">24 mm<\/td>\n<\/tr>\n<\/tbody>\n<\/table>","protected":false},"excerpt":{"rendered":"<table>\n<tbody>\n<tr>\n<td style=\"color: black;\" width=\"283\">Cilindrada<\/td>\n<td style=\"color: black;\" width=\"283\">25.4 cm\u00b3<\/td>\n<\/tr>\n<tr>\n<td style=\"color: black;\" width=\"283\">Velocidade M\u00e1xima<\/td>\n<td style=\"color: black;\" width=\"283\">8500 rpm<\/td>\n<\/tr>\n<tr>\n<td style=\"color: black;\" width=\"283\">Volume do dep\u00f3sito de combust\u00edvel<\/td>\n<td style=\"color: black;\" width=\"283\">0.51 L<\/td>\n<\/tr>\n<tr>\n<td style=\"color: black;\" width=\"283\">Peso (Sem combust\u00edvel ou equipamento de corte)<\/td>\n<td style=\"color: black;\" width=\"283\">4.7 kg<\/td>\n<\/tr>\n<\/tbody>\n<\/table>","protected":false},"featured_media":52699,"comment_status":"closed","ping_status":"closed","template":"","meta":[],"product_brand":[300],"product_cat":[303],"product_tag":[],"class_list":{"0":"post-52635","1":"product","2":"type-product","3":"status-publish","4":"has-post-thumbnail","6":"product_brand-husqvarna","7":"product_cat-rocadoras-maquinas","9":"first","10":"instock","11":"taxable","12":"shipping-taxable","13":"purchasable","14":"product-type-simple"},"_links":{"self":[{"href":"https:\/\/www.faustinoclemente.pt\/en\/wp-json\/wp\/v2\/product\/52635","targetHints":{"allow":["GET"]}}],"collection":[{"href":"https:\/\/www.faustinoclemente.pt\/en\/wp-json\/wp\/v2\/product"}],"about":[{"href":"https:\/\/www.faustinoclemente.pt\/en\/wp-json\/wp\/v2\/types\/product"}],"replies":[{"embeddable":true,"href":"https:\/\/www.faustinoclemente.pt\/en\/wp-json\/wp\/v2\/comments?post=52635"}],"wp:featuredmedia":[{"embeddable":true,"href":"https:\/\/www.faustinoclemente.pt\/en\/wp-json\/wp\/v2\/media\/52699"}],"wp:attachment":[{"href":"https:\/\/www.faustinoclemente.pt\/en\/wp-json\/wp\/v2\/media?parent=52635"}],"wp:term":[{"taxonomy":"product_brand","embeddable":true,"href":"https:\/\/www.faustinoclemente.pt\/en\/wp-json\/wp\/v2\/product_brand?post=52635"},{"taxonomy":"product_cat","embeddable":true,"href":"https:\/\/www.faustinoclemente.pt\/en\/wp-json\/wp\/v2\/product_cat?post=52635"},{"taxonomy":"product_tag","embeddable":true,"href":"https:\/\/www.faustinoclemente.pt\/en\/wp-json\/wp\/v2\/product_tag?post=52635"}],"curies":[{"name":"wp","href":"https:\/\/api.w.org\/{rel}","templated":true}]}}