{"id":52633,"date":"2025-06-06T15:32:11","date_gmt":"2025-06-06T15:32:11","guid":{"rendered":"https:\/\/www.faustinoclemente.pt\/?post_type=product&#038;p=52633"},"modified":"2026-05-07T12:30:16","modified_gmt":"2026-05-07T12:30:16","slug":"rocadoura-husqvarna-555-frm","status":"publish","type":"product","link":"https:\/\/www.faustinoclemente.pt\/en\/producto\/rocadoura-husqvarna-555-frm\/","title":{"rendered":"Ro\u00e7adora HUSQVARNA 555FRM"},"content":{"rendered":"<h4><big>Descri\u00e7\u00e3o do produto:<\/big><\/h4>\n<p style=\"color: black;\">A Ro\u00e7adora HUSQVARNA 555FRM \u00e9 uma ferramenta a gasolina (com mistura) com motor a dois tempos de 53.3cc e tecnologia X-Torq\u00ae, que reduz as emiss\u00f5es de gases nocivos em at\u00e9 75% e aumenta a efici\u00eancia de combust\u00edvel em at\u00e9 20%. A HUSQVARNA 555FRM \u00e9 uma ro\u00e7adora de n\u00edvel profissional, muito potente desenvolvida para triturar a cobertura vegetal em condi\u00e7\u00f5es exigentes.<\/p>\n<h4><big>Acess\u00f3rios inclu\u00eddos:<\/big><\/h4>\n<ul>\n<li style=\"color: black;\">Suspens\u00f3rios Balance XT<br \/>\n<img decoding=\"async\" class=\"alignnone wp-image-52703\" src=\"https:\/\/www.faustinoclemente.pt\/wp-content\/uploads\/2025\/06\/Harness_Balance-XT-scaled.webp\" alt=\"\" width=\"165\" height=\"212\" srcset=\"https:\/\/www.faustinoclemente.pt\/wp-content\/uploads\/2025\/06\/Harness_Balance-XT-scaled.webp 1995w, https:\/\/www.faustinoclemente.pt\/wp-content\/uploads\/2025\/06\/Harness_Balance-XT-1197x1536.webp 1197w, https:\/\/www.faustinoclemente.pt\/wp-content\/uploads\/2025\/06\/Harness_Balance-XT-1596x2048.webp 1596w, https:\/\/www.faustinoclemente.pt\/wp-content\/uploads\/2025\/06\/Harness_Balance-XT-370x475.webp 370w, https:\/\/www.faustinoclemente.pt\/wp-content\/uploads\/2025\/06\/Harness_Balance-XT-840x1078.webp 840w, https:\/\/www.faustinoclemente.pt\/wp-content\/uploads\/2025\/06\/Harness_Balance-XT-410x526.webp 410w, https:\/\/www.faustinoclemente.pt\/wp-content\/uploads\/2025\/06\/Harness_Balance-XT-600x770.webp 600w\" sizes=\"(max-width: 165px) 100vw, 165px\" \/><\/li>\n<li style=\"color: black;\">Disco\/L\u00e2mina de triturar<\/li>\n<\/ul>\n<p><img decoding=\"async\" class=\"alignnone wp-image-52707\" src=\"https:\/\/www.faustinoclemente.pt\/wp-content\/uploads\/2025\/06\/Disc_Shredder-Blade-scaled.webp\" alt=\"\" width=\"192\" height=\"63\" srcset=\"https:\/\/www.faustinoclemente.pt\/wp-content\/uploads\/2025\/06\/Disc_Shredder-Blade-scaled.webp 2560w, https:\/\/www.faustinoclemente.pt\/wp-content\/uploads\/2025\/06\/Disc_Shredder-Blade-1536x505.webp 1536w, https:\/\/www.faustinoclemente.pt\/wp-content\/uploads\/2025\/06\/Disc_Shredder-Blade-2048x673.webp 2048w, https:\/\/www.faustinoclemente.pt\/wp-content\/uploads\/2025\/06\/Disc_Shredder-Blade-370x122.webp 370w, https:\/\/www.faustinoclemente.pt\/wp-content\/uploads\/2025\/06\/Disc_Shredder-Blade-840x276.webp 840w, https:\/\/www.faustinoclemente.pt\/wp-content\/uploads\/2025\/06\/Disc_Shredder-Blade-410x135.webp 410w, https:\/\/www.faustinoclemente.pt\/wp-content\/uploads\/2025\/06\/Disc_Shredder-Blade-600x197.webp 600w\" sizes=\"(max-width: 192px) 100vw, 192px\" \/><\/p>\n<p>&nbsp;<\/p>\n<h4 id=\"ctl00__content_ctl10_ctl00_ctl11_ctl00__headline\" class=\"product-sub-heading\" title=\"Especifica\u00e7\u00f5es da Ro\u00e7adora semiprofissional 129R\">Especifica\u00e7\u00f5es Ro\u00e7adora Husqvarna 555FRM<\/h4>\n<table>\n<tbody>\n<tr>\n<td style=\"color: black;\" width=\"283\"><strong>Cilindrada<\/strong><\/td>\n<td style=\"color: black;\" width=\"283\">53.3 cm\u00b3<\/td>\n<\/tr>\n<tr>\n<td style=\"color: black;\" width=\"283\"><strong>Pot\u00eancia<\/strong><\/td>\n<td style=\"color: black;\" width=\"283\">2.8 kW<\/td>\n<\/tr>\n<tr>\n<td style=\"color: black;\" width=\"283\"><strong>Velocidade m\u00e1xima<\/strong><\/td>\n<td style=\"color: black;\" width=\"283\">9000 rpm<\/td>\n<\/tr>\n<tr>\n<td style=\"color: black;\" width=\"283\"><strong>Capacidade do dep\u00f3sito<\/strong><\/td>\n<td style=\"color: black;\" width=\"283\">1.1 l<\/td>\n<\/tr>\n<tr>\n<td style=\"color: black;\" width=\"283\"><strong>Velocidade m\u00e1xima recomendada do motor<\/strong><\/td>\n<td style=\"color: black;\" width=\"283\">13000 rpm<\/td>\n<\/tr>\n<tr>\n<td style=\"color: black;\" width=\"283\"><strong>Carburador<\/strong><\/td>\n<td style=\"color: black;\" width=\"283\">Walbro WT<\/td>\n<\/tr>\n<tr>\n<td style=\"color: black;\" width=\"283\"><strong>Velocidade sem carga<\/strong><\/td>\n<td style=\"color: black;\" width=\"283\">2800 rpm<\/td>\n<\/tr>\n<tr>\n<td style=\"color: black;\" width=\"283\"><strong>Vela de igni\u00e7\u00e3o<\/strong><\/td>\n<td style=\"color: black;\" width=\"283\">NGK BPMR7A<\/td>\n<\/tr>\n<tr>\n<td style=\"color: black;\" width=\"283\"><strong>Suspens\u00f3rio OEM<\/strong><\/td>\n<td style=\"color: black;\" width=\"283\">Suspens\u00f3rio Husqvarna Balance XT<\/td>\n<\/tr>\n<tr>\n<td style=\"color: black;\" width=\"283\"><strong>Peso (sem equipamento de corte)<\/strong><\/td>\n<td style=\"color: black;\" width=\"283\">9.2 kg<\/td>\n<\/tr>\n<tr>\n<td style=\"color: black;\" width=\"283\"><strong>Comprimento do tubo<\/strong><\/td>\n<td style=\"color: black;\" width=\"283\">1483 mm<\/td>\n<\/tr>\n<tr>\n<td style=\"color: black;\" width=\"283\"><strong>Di\u00e2metro do tubo<\/strong><\/td>\n<td style=\"color: black;\" width=\"283\">35 mm<\/td>\n<\/tr>\n<\/tbody>\n<\/table>","protected":false},"excerpt":{"rendered":"<table>\n<tbody>\n<tr>\n<td style=\"color: black;\" width=\"283\">Cilindrada<\/td>\n<td style=\"color: black;\" width=\"283\">53.3 cm\u00b3<\/td>\n<\/tr>\n<tr>\n<td style=\"color: black;\" width=\"283\">Velocidade M\u00e1xima<\/td>\n<td style=\"color: black;\" width=\"283\">9000 rpm<\/td>\n<\/tr>\n<tr>\n<td style=\"color: black;\" width=\"283\">Volume do dep\u00f3sito de combust\u00edvel<\/td>\n<td style=\"color: black;\" width=\"283\">1.1 l<\/td>\n<\/tr>\n<tr>\n<td style=\"color: black;\" width=\"283\">Peso (Sem combust\u00edvel ou equipamento de corte)<\/td>\n<td style=\"color: black;\" width=\"283\">9.2 kg<\/td>\n<\/tr>\n<\/tbody>\n<\/table>","protected":false},"featured_media":52701,"comment_status":"open","ping_status":"closed","template":"","meta":[],"product_brand":[300],"product_cat":[303],"product_tag":[],"class_list":{"0":"post-52633","1":"product","2":"type-product","3":"status-publish","4":"has-post-thumbnail","6":"product_brand-husqvarna","7":"product_cat-rocadoras-maquinas","9":"first","10":"instock","11":"taxable","12":"shipping-taxable","13":"purchasable","14":"product-type-simple"},"_links":{"self":[{"href":"https:\/\/www.faustinoclemente.pt\/en\/wp-json\/wp\/v2\/product\/52633","targetHints":{"allow":["GET"]}}],"collection":[{"href":"https:\/\/www.faustinoclemente.pt\/en\/wp-json\/wp\/v2\/product"}],"about":[{"href":"https:\/\/www.faustinoclemente.pt\/en\/wp-json\/wp\/v2\/types\/product"}],"replies":[{"embeddable":true,"href":"https:\/\/www.faustinoclemente.pt\/en\/wp-json\/wp\/v2\/comments?post=52633"}],"wp:featuredmedia":[{"embeddable":true,"href":"https:\/\/www.faustinoclemente.pt\/en\/wp-json\/wp\/v2\/media\/52701"}],"wp:attachment":[{"href":"https:\/\/www.faustinoclemente.pt\/en\/wp-json\/wp\/v2\/media?parent=52633"}],"wp:term":[{"taxonomy":"product_brand","embeddable":true,"href":"https:\/\/www.faustinoclemente.pt\/en\/wp-json\/wp\/v2\/product_brand?post=52633"},{"taxonomy":"product_cat","embeddable":true,"href":"https:\/\/www.faustinoclemente.pt\/en\/wp-json\/wp\/v2\/product_cat?post=52633"},{"taxonomy":"product_tag","embeddable":true,"href":"https:\/\/www.faustinoclemente.pt\/en\/wp-json\/wp\/v2\/product_tag?post=52633"}],"curies":[{"name":"wp","href":"https:\/\/api.w.org\/{rel}","templated":true}]}}