{"id":52487,"date":"2025-04-18T11:19:48","date_gmt":"2025-04-18T11:19:48","guid":{"rendered":"https:\/\/dev2024.codebehind.pt\/?post_type=product&#038;p=52487"},"modified":"2026-05-07T12:31:29","modified_gmt":"2026-05-07T12:31:29","slug":"rocadora-husqvarna-333r-mark-ii","status":"publish","type":"product","link":"https:\/\/www.faustinoclemente.pt\/en\/producto\/rocadora-husqvarna-333r-mark-ii\/","title":{"rendered":"Ro\u00e7adora HUSQVARNA 333R Mark II"},"content":{"rendered":"<h4><big>Descri\u00e7\u00e3o do produto:<\/big><\/h4>\n<p style=\"color: black;\">A Ro\u00e7adora HUSQVARNA 333R Mark II \u00e9 uma ferramenta a gasolina (com mistura) com motor a dois tempos de 33cc. O filtro de ar de 2 est\u00e1gios impede que a sujidade entre no motor, estendendo os intervalos de manuten\u00e7\u00e3o e a vida \u00fatil do motor. A tampa do filtro pode ser removida sem o uso de uma ferramenta, tornando o filtro de f\u00e1cil acesso para limpeza.<\/p>\n<h4><big>Acess\u00f3rios inclu\u00eddos:<\/big><\/h4>\n<ul>\n<li style=\"color: black;\">Suspens\u00f3rios Standard de correias duplas.<br \/>\n<img decoding=\"async\" class=\"alignnone wp-image-52680\" src=\"https:\/\/www.faustinoclemente.pt\/wp-content\/uploads\/2025\/06\/Harness_Standard-scaled.webp\" alt=\"\" width=\"90\" height=\"287\" srcset=\"https:\/\/www.faustinoclemente.pt\/wp-content\/uploads\/2025\/06\/Harness_Standard-scaled.webp 801w, https:\/\/www.faustinoclemente.pt\/wp-content\/uploads\/2025\/06\/Harness_Standard-480x1536.webp 480w, https:\/\/www.faustinoclemente.pt\/wp-content\/uploads\/2025\/06\/Harness_Standard-640x2048.webp 640w, https:\/\/www.faustinoclemente.pt\/wp-content\/uploads\/2025\/06\/Harness_Standard-370x1183.webp 370w, https:\/\/www.faustinoclemente.pt\/wp-content\/uploads\/2025\/06\/Harness_Standard-840x2686.webp 840w, https:\/\/www.faustinoclemente.pt\/wp-content\/uploads\/2025\/06\/Harness_Standard-410x1311.webp 410w, https:\/\/www.faustinoclemente.pt\/wp-content\/uploads\/2025\/06\/Harness_Standard-600x1919.webp 600w\" sizes=\"(max-width: 90px) 100vw, 90px\" \/><\/li>\n<li style=\"color: black;\">Cabe\u00e7a de fio de nylon Trimmy T35, com sistema &#8220;Tap &#8216;n Go&#8221; que oferece uma linha de alimenta\u00e7\u00e3o r\u00e1pida.<br \/>\n<img decoding=\"async\" class=\"alignnone wp-image-52681\" src=\"https:\/\/www.faustinoclemente.pt\/wp-content\/uploads\/2025\/06\/Trimmy_T25.webp\" alt=\"\" width=\"178\" height=\"154\" srcset=\"https:\/\/www.faustinoclemente.pt\/wp-content\/uploads\/2025\/06\/Trimmy_T25.webp 2000w, https:\/\/www.faustinoclemente.pt\/wp-content\/uploads\/2025\/06\/Trimmy_T25-1536x1332.webp 1536w, https:\/\/www.faustinoclemente.pt\/wp-content\/uploads\/2025\/06\/Trimmy_T25-370x321.webp 370w, https:\/\/www.faustinoclemente.pt\/wp-content\/uploads\/2025\/06\/Trimmy_T25-840x729.webp 840w, https:\/\/www.faustinoclemente.pt\/wp-content\/uploads\/2025\/06\/Trimmy_T25-410x356.webp 410w, https:\/\/www.faustinoclemente.pt\/wp-content\/uploads\/2025\/06\/Trimmy_T25-600x521.webp 600w\" sizes=\"(max-width: 178px) 100vw, 178px\" \/><\/li>\n<\/ul>\n<h4 id=\"ctl00__content_ctl10_ctl00_ctl11_ctl00__headline\" class=\"product-sub-heading\" title=\"Especifica\u00e7\u00f5es da Ro\u00e7adora semiprofissional 129R\">Especifica\u00e7\u00f5es Ro\u00e7adora Husqvarna 333R MARK II<\/h4>\n<p>&nbsp;<\/p>\n<table>\n<tbody>\n<tr>\n<td style=\"color: black;\" width=\"283\"><strong>Cilindrada<\/strong><\/td>\n<td style=\"color: black;\" width=\"283\">32.6 cm\u00b3<\/td>\n<\/tr>\n<tr>\n<td style=\"color: black;\" width=\"283\"><strong>Consumo de combust\u00edvel<\/strong><\/td>\n<td style=\"color: black;\" width=\"283\">520 g\/kWh<\/td>\n<\/tr>\n<tr>\n<td style=\"color: black;\" width=\"283\"><strong>Velocidade de engate da embraiagem<\/strong><\/td>\n<td style=\"color: black;\" width=\"283\">4880 rpm<\/td>\n<\/tr>\n<tr>\n<td style=\"color: black;\" width=\"283\"><strong>Pot\u00eancia<\/strong><\/td>\n<td style=\"color: black;\" width=\"283\">1 kW<\/td>\n<\/tr>\n<tr>\n<td style=\"color: black;\" width=\"283\"><strong>Bin\u00e1rio<\/strong><\/td>\n<td style=\"color: black;\" width=\"283\">6000 rpm<\/td>\n<\/tr>\n<tr>\n<td style=\"color: black;\" width=\"283\"><strong>Velocidade da pot\u00eancia m\u00e1xima<\/strong><\/td>\n<td style=\"color: black;\" width=\"283\">7500 rpm<\/td>\n<\/tr>\n<tr>\n<td style=\"color: black;\" width=\"283\"><strong>Carburador<\/strong><\/td>\n<td style=\"color: black;\" width=\"283\">Zama C1Q<\/td>\n<\/tr>\n<tr>\n<td style=\"color: black;\" width=\"283\"><strong>Volume do dep\u00f3sito de combust\u00edvel<\/strong><\/td>\n<td style=\"color: black;\" width=\"283\">1.1 l<\/td>\n<\/tr>\n<tr>\n<td style=\"color: black;\" width=\"283\"><strong>Rpm m\u00e1ximos do eixo de sa\u00edda<\/strong><\/td>\n<td style=\"color: black;\" width=\"283\">7800 rpm<\/td>\n<\/tr>\n<tr>\n<td style=\"color: black;\" width=\"283\"><strong>Vela de igni\u00e7\u00e3o<\/strong><\/td>\n<td style=\"color: black;\" width=\"283\">NGK BPM7A, Husqvarna HQT-1<\/td>\n<\/tr>\n<tr>\n<td style=\"color: black;\" width=\"283\"><strong>Emiss\u00f5es de gases de escape (CO2 EU V)<\/strong><\/td>\n<td style=\"color: black;\" width=\"283\">1001.44 g\/kWh<\/td>\n<\/tr>\n<tr>\n<td style=\"color: black;\" width=\"283\"><strong>Peso, sem combust\u00edvel ou equipamento de corte<\/strong><\/td>\n<td style=\"color: black;\" width=\"283\">7.2 kg<\/td>\n<\/tr>\n<tr>\n<td style=\"color: black;\" width=\"283\"><strong>Cumprimento de tubo<\/strong><\/td>\n<td style=\"color: black;\" width=\"283\">1495 mm<\/td>\n<\/tr>\n<tr>\n<td style=\"color: black;\" width=\"283\"><strong>Di\u00e2metro do tubo<\/strong><\/td>\n<td style=\"color: black;\" width=\"283\">28 mm<\/td>\n<\/tr>\n<\/tbody>\n<\/table>","protected":false},"excerpt":{"rendered":"<table>\n<tbody>\n<tr>\n<td style=\"color: black;\" width=\"283\">Cilindrada<\/td>\n<td style=\"color: black;\" width=\"283\">32.6 cm\u00b3<\/td>\n<\/tr>\n<tr>\n<td style=\"color: black;\" width=\"283\">Velocidade M\u00e1xima<\/td>\n<td style=\"color: black;\" width=\"283\">7500 rpm<\/td>\n<\/tr>\n<tr>\n<td style=\"color: black;\" width=\"283\">Volume do dep\u00f3sito de combust\u00edvel<\/td>\n<td style=\"color: black;\" width=\"283\">1.1 l<\/td>\n<\/tr>\n<tr>\n<td style=\"color: black;\" width=\"283\">Peso (Sem combust\u00edvel ou equipamento de corte)<\/td>\n<td style=\"color: black;\" width=\"283\">7.2 kg<\/td>\n<\/tr>\n<\/tbody>\n<\/table>","protected":false},"featured_media":52683,"comment_status":"open","ping_status":"closed","template":"","meta":[],"product_brand":[300],"product_cat":[303],"product_tag":[],"class_list":{"0":"post-52487","1":"product","2":"type-product","3":"status-publish","4":"has-post-thumbnail","6":"product_brand-husqvarna","7":"product_cat-rocadoras-maquinas","9":"first","10":"instock","11":"taxable","12":"shipping-taxable","13":"purchasable","14":"product-type-simple"},"_links":{"self":[{"href":"https:\/\/www.faustinoclemente.pt\/en\/wp-json\/wp\/v2\/product\/52487","targetHints":{"allow":["GET"]}}],"collection":[{"href":"https:\/\/www.faustinoclemente.pt\/en\/wp-json\/wp\/v2\/product"}],"about":[{"href":"https:\/\/www.faustinoclemente.pt\/en\/wp-json\/wp\/v2\/types\/product"}],"replies":[{"embeddable":true,"href":"https:\/\/www.faustinoclemente.pt\/en\/wp-json\/wp\/v2\/comments?post=52487"}],"wp:featuredmedia":[{"embeddable":true,"href":"https:\/\/www.faustinoclemente.pt\/en\/wp-json\/wp\/v2\/media\/52683"}],"wp:attachment":[{"href":"https:\/\/www.faustinoclemente.pt\/en\/wp-json\/wp\/v2\/media?parent=52487"}],"wp:term":[{"taxonomy":"product_brand","embeddable":true,"href":"https:\/\/www.faustinoclemente.pt\/en\/wp-json\/wp\/v2\/product_brand?post=52487"},{"taxonomy":"product_cat","embeddable":true,"href":"https:\/\/www.faustinoclemente.pt\/en\/wp-json\/wp\/v2\/product_cat?post=52487"},{"taxonomy":"product_tag","embeddable":true,"href":"https:\/\/www.faustinoclemente.pt\/en\/wp-json\/wp\/v2\/product_tag?post=52487"}],"curies":[{"name":"wp","href":"https:\/\/api.w.org\/{rel}","templated":true}]}}