{"id":52486,"date":"2025-04-18T11:19:43","date_gmt":"2025-04-18T11:19:43","guid":{"rendered":"https:\/\/dev2024.codebehind.pt\/?post_type=product&#038;p=52486"},"modified":"2026-05-07T12:31:25","modified_gmt":"2026-05-07T12:31:25","slug":"corta-relva-husqvarna-lc151s","status":"publish","type":"product","link":"https:\/\/www.faustinoclemente.pt\/en\/producto\/corta-relva-husqvarna-lc151s\/","title":{"rendered":"Corta Relva HUSQVARNA LC151S"},"content":{"rendered":"<h4><big>Descri\u00e7\u00e3o do produto:<\/big><\/h4>\n<p style=\"color: black;\">O corta relva HUSQVARNA LC151S \u00e9 uma ferramenta a gasolina com motor a quatro tempos de 166cc e tra\u00e7\u00e3o nas rodas traseiras. A sua resistente plataforma de a\u00e7o prop\u00f5e de largura de corte de 51cm, s\u00e3o perfeitamente adequado a cortes de relvados de m\u00e9dio a grande porte. Possui arranque f\u00e1cil e guiador ergon\u00f3mico com pega macia para oferecer uma experi\u00eancia de corte menos desgastante. O guiador dobr\u00e1vel assegura arrecada\u00e7\u00e3o compacta depois do trabalho.<\/p>\n<h4 id=\"ctl00__content_ctl10_ctl00_ctl11_ctl00__headline\" class=\"product-sub-heading\" title=\"Especifica\u00e7\u00f5es do Corta Relva\">Especifica\u00e7\u00f5es corta relva Husqvarna LC151S<\/h4>\n<table>\n<tbody>\n<tr>\n<td style=\"color: black;\" width=\"283\"><strong>Cilindrada<\/strong><\/td>\n<td style=\"color: black;\" width=\"283\">166 cm\u00b3<\/td>\n<\/tr>\n<tr>\n<td style=\"color: black;\" width=\"283\"><strong>Pot\u00eancia<\/strong><\/td>\n<td style=\"color: black;\" width=\"283\">2.7 kW (a 2800 r.p.m.)<\/td>\n<\/tr>\n<tr>\n<td style=\"color: black;\" width=\"283\"><strong>Motor<\/strong><\/td>\n<td style=\"color: black;\" width=\"283\">HS166A<\/td>\n<\/tr>\n<tr>\n<td style=\"color: black;\" width=\"283\"><strong>Tra\u00e7\u00e3o<\/strong><\/td>\n<td style=\"color: black;\" width=\"283\">Automotriz<\/td>\n<\/tr>\n<tr>\n<td style=\"color: black;\" width=\"283\"><strong>Capacidade do dep\u00f3sito de gasolina<\/strong><\/td>\n<td style=\"color: black;\" width=\"283\">1.0 l<\/td>\n<\/tr>\n<tr>\n<td style=\"color: black;\" width=\"283\"><strong>Largura de corte<\/strong><\/td>\n<td style=\"color: black;\" width=\"283\">51 cm<\/td>\n<\/tr>\n<tr>\n<td style=\"color: black;\" width=\"283\"><strong>Altura de corte<\/strong><\/td>\n<td style=\"color: black;\" width=\"283\">25-75 mm<\/td>\n<\/tr>\n<tr>\n<td style=\"color: black;\" width=\"283\"><strong>Posi\u00e7\u00f5es de corte<\/strong><\/td>\n<td style=\"color: black;\" width=\"283\">7<\/td>\n<\/tr>\n<tr>\n<td style=\"color: black;\" width=\"283\"><strong>Capacidade do saco coletor<\/strong><\/td>\n<td style=\"color: black;\" width=\"283\">65 l<\/td>\n<\/tr>\n<tr>\n<td style=\"color: black;\" width=\"283\"><strong>Eje\u00e7\u00e3o<\/strong><\/td>\n<td style=\"color: black;\" width=\"283\">Traseira ou Lateral<\/td>\n<\/tr>\n<tr>\n<td style=\"color: black;\" width=\"283\"><strong>Material do Chassis<\/strong><\/td>\n<td style=\"color: black;\" width=\"283\">A\u00e7o<\/td>\n<\/tr>\n<tr>\n<td style=\"color: black;\" width=\"283\"><strong>Dimens\u00f5es das rodas (Frontal\/Traseira)<\/strong><\/td>\n<td style=\"color: black;\" width=\"283\">203\/203 mm<\/td>\n<\/tr>\n<tr>\n<td style=\"color: black;\" width=\"283\"><strong>Peso (vazio)<\/strong><\/td>\n<td style=\"color: black;\" width=\"283\">32.3 kg<\/td>\n<\/tr>\n<\/tbody>\n<\/table>\n<p>&nbsp;<\/p>","protected":false},"excerpt":{"rendered":"<table>\n<tbody>\n<tr>\n<td style=\"color: black;\" width=\"283\">Cilindrada<\/td>\n<td style=\"color: black;\" width=\"283\">166 cm\u00b3<\/td>\n<\/tr>\n<tr>\n<td style=\"color: black;\" width=\"283\">Largura de corte<\/td>\n<td style=\"color: black;\" width=\"283\">51 cm<\/td>\n<\/tr>\n<tr>\n<td style=\"color: black;\" width=\"283\">Altura de corte<\/td>\n<td style=\"color: black;\" width=\"283\">25-75 mm<\/td>\n<\/tr>\n<tr>\n<td style=\"color: black;\" width=\"283\">Tra\u00e7\u00e3o<\/td>\n<td style=\"color: black;\" width=\"283\">Automotriz<\/td>\n<\/tr>\n<tr>\n<td style=\"color: black;\" width=\"283\">Peso (vazio)<\/td>\n<td style=\"color: black;\" width=\"283\">32.3 kg<\/td>\n<\/tr>\n<\/tbody>\n<\/table>","protected":false},"featured_media":52971,"comment_status":"open","ping_status":"closed","template":"","meta":[],"product_brand":[300],"product_cat":[304],"product_tag":[],"class_list":{"0":"post-52486","1":"product","2":"type-product","3":"status-publish","4":"has-post-thumbnail","6":"product_brand-husqvarna","7":"product_cat-corta-relvas-maquinas","9":"first","10":"instock","11":"taxable","12":"shipping-taxable","13":"purchasable","14":"product-type-simple"},"_links":{"self":[{"href":"https:\/\/www.faustinoclemente.pt\/en\/wp-json\/wp\/v2\/product\/52486","targetHints":{"allow":["GET"]}}],"collection":[{"href":"https:\/\/www.faustinoclemente.pt\/en\/wp-json\/wp\/v2\/product"}],"about":[{"href":"https:\/\/www.faustinoclemente.pt\/en\/wp-json\/wp\/v2\/types\/product"}],"replies":[{"embeddable":true,"href":"https:\/\/www.faustinoclemente.pt\/en\/wp-json\/wp\/v2\/comments?post=52486"}],"wp:featuredmedia":[{"embeddable":true,"href":"https:\/\/www.faustinoclemente.pt\/en\/wp-json\/wp\/v2\/media\/52971"}],"wp:attachment":[{"href":"https:\/\/www.faustinoclemente.pt\/en\/wp-json\/wp\/v2\/media?parent=52486"}],"wp:term":[{"taxonomy":"product_brand","embeddable":true,"href":"https:\/\/www.faustinoclemente.pt\/en\/wp-json\/wp\/v2\/product_brand?post=52486"},{"taxonomy":"product_cat","embeddable":true,"href":"https:\/\/www.faustinoclemente.pt\/en\/wp-json\/wp\/v2\/product_cat?post=52486"},{"taxonomy":"product_tag","embeddable":true,"href":"https:\/\/www.faustinoclemente.pt\/en\/wp-json\/wp\/v2\/product_tag?post=52486"}],"curies":[{"name":"wp","href":"https:\/\/api.w.org\/{rel}","templated":true}]}}