{"id":52485,"date":"2025-04-18T11:19:37","date_gmt":"2025-04-18T11:19:37","guid":{"rendered":"https:\/\/dev2024.codebehind.pt\/?post_type=product&#038;p=52485"},"modified":"2026-05-07T12:31:16","modified_gmt":"2026-05-07T12:31:16","slug":"corta-relva-husqvarna-lc353awd-4x4","status":"publish","type":"product","link":"https:\/\/www.faustinoclemente.pt\/en\/producto\/corta-relva-husqvarna-lc353awd-4x4\/","title":{"rendered":"Corta relva HUSQVARNA LC353AWD (4&#215;4)"},"content":{"rendered":"<h4><big>Descri\u00e7\u00e3o do produto:<\/big><\/h4>\n<p style=\"color: black;\">O corta relva HUSQVARNA LC353AWD \u00e9 uma ferramenta a gasolina com motor a quatro tempos de 166cc e tra\u00e7\u00e3o nas 4 rodas. Ideal para jardins montanhosos de tamanho maior, com declives mais \u00edngremes ou \u00e1reas com menor frequ\u00eancia de corte e com relva mais alta. O guiador ergon\u00f3mico e dobr\u00e1vel facilita o transporte e armazenamento.<\/p>\n<h4 id=\"ctl00__content_ctl10_ctl00_ctl11_ctl00__headline\" class=\"product-sub-heading\" title=\"Especifica\u00e7\u00f5es da Motosserra\">Especifica\u00e7\u00f5es corta relva Husqvarna LC353AWD<\/h4>\n<table>\n<tbody>\n<tr>\n<td style=\"color: black;\" width=\"283\"><strong>Cilindrada<\/strong><\/td>\n<td style=\"color: black;\" width=\"283\">166 cm\u00b3<\/td>\n<\/tr>\n<tr>\n<td style=\"color: black;\" width=\"283\"><strong>Pot\u00eancia<\/strong><\/td>\n<td style=\"color: black;\" width=\"283\">3.6 kW (a 3200 r.p.m.)<\/td>\n<\/tr>\n<tr>\n<td style=\"color: black;\" width=\"283\"><strong>Motor<\/strong><\/td>\n<td style=\"color: black;\" width=\"283\">Honda GCVx170<\/td>\n<\/tr>\n<tr>\n<td style=\"color: black;\" width=\"283\"><strong>Tra\u00e7\u00e3o<\/strong><\/td>\n<td style=\"color: black;\" width=\"283\">Automotriz 4&#215;4<\/td>\n<\/tr>\n<tr>\n<td style=\"color: black;\" width=\"283\"><strong>Capacidade do dep\u00f3sito de gasolina<\/strong><\/td>\n<td style=\"color: black;\" width=\"283\">0.9 l<\/td>\n<\/tr>\n<tr>\n<td style=\"color: black;\" width=\"283\"><strong>Largura de corte<\/strong><\/td>\n<td style=\"color: black;\" width=\"283\">53 cm<\/td>\n<\/tr>\n<tr>\n<td style=\"color: black;\" width=\"283\"><strong>Altura de corte<\/strong><\/td>\n<td style=\"color: black;\" width=\"283\">25-101.6 mm<\/td>\n<\/tr>\n<tr>\n<td style=\"color: black;\" width=\"283\"><strong>Posi\u00e7\u00f5es de corte<\/strong><\/td>\n<td style=\"color: black;\" width=\"283\">9<\/td>\n<\/tr>\n<tr>\n<td style=\"color: black;\" width=\"283\"><strong>Capacidade do saco coletor<\/strong><\/td>\n<td style=\"color: black;\" width=\"283\">65 l<\/td>\n<\/tr>\n<tr>\n<td style=\"color: black;\" width=\"283\"><strong>Eje\u00e7\u00e3o<\/strong><\/td>\n<td style=\"color: black;\" width=\"283\">Traseira<\/td>\n<\/tr>\n<tr>\n<td style=\"color: black;\" width=\"283\"><strong>Material do Chassis<\/strong><\/td>\n<td style=\"color: black;\" width=\"283\">A\u00e7o<\/td>\n<\/tr>\n<tr>\n<td style=\"color: black;\" width=\"283\"><strong>Dimens\u00f5es das rodas (Frontal\/Traseira)<\/strong><\/td>\n<td style=\"color: black;\" width=\"283\">203\/279 mm<\/td>\n<\/tr>\n<tr>\n<td style=\"color: black;\" width=\"283\"><strong>Peso (vazio)<\/strong><\/td>\n<td style=\"color: black;\" width=\"283\">41.7 kg<\/td>\n<\/tr>\n<\/tbody>\n<\/table>","protected":false},"excerpt":{"rendered":"<table>\n<tbody>\n<tr>\n<td style=\"color: black;\" width=\"283\">Cilindrada<\/td>\n<td style=\"color: black;\" width=\"283\">166 cm\u00b3<\/td>\n<\/tr>\n<tr>\n<td style=\"color: black;\" width=\"283\">Largura de corte<\/td>\n<td style=\"color: black;\" width=\"283\">53 cm<\/td>\n<\/tr>\n<tr>\n<td style=\"color: black;\" width=\"283\">Altura de corte<\/td>\n<td style=\"color: black;\" width=\"283\">25-101.6 mm<\/td>\n<\/tr>\n<tr>\n<td style=\"color: black;\" width=\"283\">Tra\u00e7\u00e3o<\/td>\n<td style=\"color: black;\" width=\"283\">Automotriz 4&#215;4<\/td>\n<\/tr>\n<tr>\n<td style=\"color: black;\" width=\"283\">Peso (vazio)<\/td>\n<td style=\"color: black;\" width=\"283\">41.7 kg<\/td>\n<\/tr>\n<\/tbody>\n<\/table>","protected":false},"featured_media":52956,"comment_status":"open","ping_status":"closed","template":"","meta":[],"product_brand":[300],"product_cat":[304],"product_tag":[],"class_list":{"0":"post-52485","1":"product","2":"type-product","3":"status-publish","4":"has-post-thumbnail","6":"product_brand-husqvarna","7":"product_cat-corta-relvas-maquinas","9":"first","10":"instock","11":"taxable","12":"shipping-taxable","13":"purchasable","14":"product-type-simple"},"_links":{"self":[{"href":"https:\/\/www.faustinoclemente.pt\/en\/wp-json\/wp\/v2\/product\/52485","targetHints":{"allow":["GET"]}}],"collection":[{"href":"https:\/\/www.faustinoclemente.pt\/en\/wp-json\/wp\/v2\/product"}],"about":[{"href":"https:\/\/www.faustinoclemente.pt\/en\/wp-json\/wp\/v2\/types\/product"}],"replies":[{"embeddable":true,"href":"https:\/\/www.faustinoclemente.pt\/en\/wp-json\/wp\/v2\/comments?post=52485"}],"wp:featuredmedia":[{"embeddable":true,"href":"https:\/\/www.faustinoclemente.pt\/en\/wp-json\/wp\/v2\/media\/52956"}],"wp:attachment":[{"href":"https:\/\/www.faustinoclemente.pt\/en\/wp-json\/wp\/v2\/media?parent=52485"}],"wp:term":[{"taxonomy":"product_brand","embeddable":true,"href":"https:\/\/www.faustinoclemente.pt\/en\/wp-json\/wp\/v2\/product_brand?post=52485"},{"taxonomy":"product_cat","embeddable":true,"href":"https:\/\/www.faustinoclemente.pt\/en\/wp-json\/wp\/v2\/product_cat?post=52485"},{"taxonomy":"product_tag","embeddable":true,"href":"https:\/\/www.faustinoclemente.pt\/en\/wp-json\/wp\/v2\/product_tag?post=52485"}],"curies":[{"name":"wp","href":"https:\/\/api.w.org\/{rel}","templated":true}]}}