{"id":52483,"date":"2025-04-18T11:19:26","date_gmt":"2025-04-18T11:19:26","guid":{"rendered":"https:\/\/dev2024.codebehind.pt\/?post_type=product&#038;p=52483"},"modified":"2026-05-07T12:31:11","modified_gmt":"2026-05-07T12:31:11","slug":"motosserra-husqvarna-130","status":"publish","type":"product","link":"https:\/\/www.faustinoclemente.pt\/en\/producto\/motosserra-husqvarna-130\/","title":{"rendered":"Motosserra HUSQVARNA 130"},"content":{"rendered":"<h4><big>Descri\u00e7\u00e3o do produto:<\/big><\/h4>\n<p style=\"color: black;\">A motosserra HUSQVARNA 130 \u00e9 uma ferramenta a gasolina (com mistura) com motor a dois tempos de 38cc e tecnologia X-Torq\u00ae, que garante um menor consumo de combust\u00edvel e emiss\u00f5es de gases de estufa reduzidas. F\u00e1cil de usar, a motosserra HUSQVARNA 130 \u00e9 uma m\u00e1quina indicada para uso em pequenas propriedades, para trabalhos como realiza\u00e7\u00e3o de podas e corte de lenha. Possu\u00ed o sistema Air Injection\u2122: Ar sujo e detritos que passem na entrada de ar adjacente ao volante magn\u00e9tico s\u00e3o desviados na dire\u00e7\u00e3o oposta do filtro de ar, mantendo o filtro de ar limpo durante mais tempo, o que resulta em menos manuten\u00e7\u00e3o necess\u00e1ria e maior vida \u00fatil do motor. A motosserra HUSQVARNA 130 vem tamb\u00e9m equipada com sistema Low Vib\u00ae: sistema de amortecedores que absorvem as vibra\u00e7\u00f5es que se produzem durante os trabalhos de corte.<\/p>\n<h4><big>Acess\u00f3rios inclu\u00eddos:<\/big><\/h4>\n<ul>\n<li style=\"color: black;\">Guia de corrente 35cm 3\/8&#8243; 1,3mm.<\/li>\n<li style=\"color: black;\">Corrente 3\/8&#8243;.<\/li>\n<li style=\"color: black;\">Chave de Vela.<\/li>\n<\/ul>\n<h4 id=\"ctl00__content_ctl10_ctl00_ctl11_ctl00__headline\" class=\"product-sub-heading\" title=\"Especifica\u00e7\u00f5es da Motosserra\">Especifica\u00e7\u00f5es Motosserra Husqvarna 130<\/h4>\n<table>\n<tbody>\n<tr>\n<td style=\"color: black;\" width=\"283\"><strong>Cilindrada<\/strong><\/td>\n<td style=\"color: black;\" width=\"283\">38 cm\u00b3<\/td>\n<\/tr>\n<tr>\n<td style=\"color: black;\" width=\"283\"><strong>Pot\u00eancia<\/strong><\/td>\n<td style=\"color: black;\" width=\"283\">1.5 kW<\/td>\n<\/tr>\n<tr>\n<td style=\"color: black;\" width=\"283\"><strong>Velocidade da corrente com pot\u00eancia m\u00e1xima<\/strong><\/td>\n<td style=\"color: black;\" width=\"283\">22.3 m\/s<\/td>\n<\/tr>\n<tr>\n<td style=\"color: black;\" width=\"283\"><strong>Capacidade do dep\u00f3sito de gasolina<\/strong><\/td>\n<td style=\"color: black;\" width=\"283\">0.37 l<\/td>\n<\/tr>\n<tr>\n<td style=\"color: black;\" width=\"283\"><strong>Capacidade do dep\u00f3sito de \u00f3leo da corrente<\/strong><\/td>\n<td style=\"color: black;\" width=\"283\">0.26 l<\/td>\n<\/tr>\n<tr>\n<td style=\"color: black;\" width=\"283\"><strong>Comprimento recomendado da l\u00e2mina, min-m\u00e1x<\/strong><\/td>\n<td style=\"color: black;\" width=\"283\">35 \u2013 40 cm<\/td>\n<\/tr>\n<tr>\n<td style=\"color: black;\" width=\"283\"><strong>Tipo de lubrificante<\/strong><\/td>\n<td style=\"color: black;\" width=\"283\">Husqvarna 2 tempos LS+\/XP ou equiv. a 50:1<\/td>\n<\/tr>\n<tr>\n<td style=\"color: black;\" width=\"283\"><strong>Peso (sem equipamento de corte)<\/strong><\/td>\n<td style=\"color: black;\" width=\"283\">4.7 kg<\/td>\n<\/tr>\n<\/tbody>\n<\/table>\n<div style=\"width: 640px;\" class=\"wp-video\"><video class=\"wp-video-shortcode\" id=\"video-52483-1\" width=\"640\" height=\"360\" preload=\"metadata\" controls=\"controls\"><source type=\"video\/mp4\" src=\"https:\/\/media.husqvarnagroup.com\/videostream\/H150-0456.mp4?_=1\" \/><a href=\"https:\/\/media.husqvarnagroup.com\/videostream\/H150-0456.mp4\">https:\/\/media.husqvarnagroup.com\/videostream\/H150-0456.mp4<\/a><\/video><\/div>","protected":false},"excerpt":{"rendered":"<table>\n<tbody>\n<tr>\n<td style=\"color: black;\" width=\"283\">Cilindrada<\/td>\n<td style=\"color: black;\" width=\"283\">38 cm\u00b3<\/td>\n<\/tr>\n<tr>\n<td style=\"color: black;\" width=\"283\">Pot\u00eancia<\/td>\n<td style=\"color: black;\" width=\"283\">1,5 kW<\/td>\n<\/tr>\n<tr>\n<td style=\"color: black;\" width=\"283\">Velocidade da corrente com pot\u00eancia m\u00e1xima<\/td>\n<td style=\"color: black;\" width=\"283\">22.3 m\/s<\/td>\n<\/tr>\n<tr>\n<td style=\"color: black;\" width=\"283\">Comprimento recomendado da l\u00e2mina, min-max<\/td>\n<td style=\"color: black;\" width=\"283\">35 \u2013 40 cm<\/td>\n<\/tr>\n<tr>\n<td style=\"color: black;\" width=\"283\">Peso (Sem combust\u00edvel ou equipamento de corte)<\/td>\n<td style=\"color: black;\" width=\"283\">4.7 Kg<\/td>\n<\/tr>\n<\/tbody>\n<\/table>","protected":false},"featured_media":52863,"comment_status":"open","ping_status":"closed","template":"","meta":[],"product_brand":[300],"product_cat":[297],"product_tag":[],"class_list":{"0":"post-52483","1":"product","2":"type-product","3":"status-publish","4":"has-post-thumbnail","6":"product_brand-husqvarna","7":"product_cat-motoserras-maquinas","9":"first","10":"instock","11":"taxable","12":"shipping-taxable","13":"purchasable","14":"product-type-simple"},"_links":{"self":[{"href":"https:\/\/www.faustinoclemente.pt\/en\/wp-json\/wp\/v2\/product\/52483","targetHints":{"allow":["GET"]}}],"collection":[{"href":"https:\/\/www.faustinoclemente.pt\/en\/wp-json\/wp\/v2\/product"}],"about":[{"href":"https:\/\/www.faustinoclemente.pt\/en\/wp-json\/wp\/v2\/types\/product"}],"replies":[{"embeddable":true,"href":"https:\/\/www.faustinoclemente.pt\/en\/wp-json\/wp\/v2\/comments?post=52483"}],"wp:featuredmedia":[{"embeddable":true,"href":"https:\/\/www.faustinoclemente.pt\/en\/wp-json\/wp\/v2\/media\/52863"}],"wp:attachment":[{"href":"https:\/\/www.faustinoclemente.pt\/en\/wp-json\/wp\/v2\/media?parent=52483"}],"wp:term":[{"taxonomy":"product_brand","embeddable":true,"href":"https:\/\/www.faustinoclemente.pt\/en\/wp-json\/wp\/v2\/product_brand?post=52483"},{"taxonomy":"product_cat","embeddable":true,"href":"https:\/\/www.faustinoclemente.pt\/en\/wp-json\/wp\/v2\/product_cat?post=52483"},{"taxonomy":"product_tag","embeddable":true,"href":"https:\/\/www.faustinoclemente.pt\/en\/wp-json\/wp\/v2\/product_tag?post=52483"}],"curies":[{"name":"wp","href":"https:\/\/api.w.org\/{rel}","templated":true}]}}